{"id":1040,"date":"2023-03-10T07:31:13","date_gmt":"2023-03-10T07:31:13","guid":{"rendered":"https:\/\/cabinetglobaldefense.com\/services-juridiques-cabinet-avocat-francophone\/"},"modified":"2025-06-09T08:47:43","modified_gmt":"2025-06-09T08:47:43","slug":"bufete-de-abogados-francofono-servicios-legales","status":"publish","type":"page","link":"https:\/\/cabinetglobaldefense.com\/es\/bufete-de-abogados-francofono-servicios-legales\/","title":{"rendered":"Servicios"},"content":{"rendered":"\t\t<div data-elementor-type=\"wp-post\" data-elementor-id=\"1040\" class=\"elementor elementor-1040 elementor-943\" data-elementor-post-type=\"page\">\n\t\t\t\t\t\t<section class=\"elementor-section elementor-top-section elementor-element elementor-element-5ed20551 elementor-section-height-min-height elementor-section-boxed elementor-section-height-default elementor-section-items-middle\" data-id=\"5ed20551\" data-element_type=\"section\" data-settings=\"{&quot;background_background&quot;:&quot;classic&quot;}\">\n\t\t\t\t\t\t<div class=\"elementor-container elementor-column-gap-default\">\n\t\t\t\t\t<div class=\"elementor-column elementor-col-100 elementor-top-column elementor-element elementor-element-5cda4747\" data-id=\"5cda4747\" data-element_type=\"column\">\n\t\t\t<div class=\"elementor-widget-wrap elementor-element-populated\">\n\t\t\t\t\t\t<div class=\"elementor-element elementor-element-4c675bcc elementor-widget elementor-widget-heading\" data-id=\"4c675bcc\" data-element_type=\"widget\" data-widget_type=\"heading.default\">\n\t\t\t\t<div class=\"elementor-widget-container\">\n\t\t\t\t\t<h1 class=\"elementor-heading-title elementor-size-default\">Nuestros servicios<\/h1>\t\t\t\t<\/div>\n\t\t\t\t<\/div>\n\t\t\t\t\t<\/div>\n\t\t<\/div>\n\t\t\t\t\t<\/div>\n\t\t<\/section>\n\t\t\t\t<section class=\"elementor-section elementor-top-section elementor-element elementor-element-724f889c elementor-section-boxed elementor-section-height-default elementor-section-height-default\" data-id=\"724f889c\" data-element_type=\"section\">\n\t\t\t\t\t\t<div class=\"elementor-container elementor-column-gap-default\">\n\t\t\t\t\t<div class=\"elementor-column elementor-col-50 elementor-top-column elementor-element elementor-element-4e41b254\" data-id=\"4e41b254\" data-element_type=\"column\">\n\t\t\t<div class=\"elementor-widget-wrap elementor-element-populated\">\n\t\t\t\t\t\t<div class=\"elementor-element elementor-element-6477409f elementor-widget elementor-widget-heading\" data-id=\"6477409f\" data-element_type=\"widget\" data-widget_type=\"heading.default\">\n\t\t\t\t<div class=\"elementor-widget-container\">\n\t\t\t\t\t<h2 class=\"elementor-heading-title elementor-size-default\">Nuestros dossiers<\/h2>\t\t\t\t<\/div>\n\t\t\t\t<\/div>\n\t\t\t\t\t<\/div>\n\t\t<\/div>\n\t\t\t\t<div class=\"elementor-column elementor-col-50 elementor-top-column elementor-element elementor-element-33297960\" data-id=\"33297960\" data-element_type=\"column\">\n\t\t\t<div class=\"elementor-widget-wrap elementor-element-populated\">\n\t\t\t\t\t\t<div class=\"elementor-element elementor-element-218d1d2 elementor-widget elementor-widget-text-editor\" data-id=\"218d1d2\" data-element_type=\"widget\" data-widget_type=\"text-editor.default\">\n\t\t\t\t<div class=\"elementor-widget-container\">\n\t\t\t\t\t\t\t\t\t<p>En Cabinet Global Defense nos ocupamos de la creaci\u00f3n y gesti\u00f3n de empresas en Espa\u00f1a y Andorra. Ofrecemos servicios para sociedades de inversi\u00f3n inmobiliaria en Barcelona, \u200b\u200bM\u00e1laga y Madrid, Holding sociedades con ventajas fiscales en Barcelona, \u200b\u200bGirona y Alicante, y empresas de log\u00edstica de servicios en Sevilla, Zaragoza y Barcelona. Tambi\u00e9n ayudan en la compra de inmuebles en Barcelona, \u200b\u200bSevilla, Alicante, M\u00e1laga, Granada, A Coru\u00f1a, Vigo, Bilbao, Gij\u00f3n y Valladolid. En Cabinet Global Defense tambi\u00e9n resolvemos litigios de seguros, responsabilidad civil y contratos, as\u00ed como casos penales en Espa\u00f1a.<\/p>\t\t\t\t\t\t\t\t<\/div>\n\t\t\t\t<\/div>\n\t\t\t\t\t<\/div>\n\t\t<\/div>\n\t\t\t\t\t<\/div>\n\t\t<\/section>\n\t\t\t\t<section class=\"elementor-section elementor-top-section elementor-element elementor-element-c7dc1ec elementor-section-boxed elementor-section-height-default elementor-section-height-default\" data-id=\"c7dc1ec\" data-element_type=\"section\">\n\t\t\t\t\t\t<div class=\"elementor-container elementor-column-gap-default\">\n\t\t\t\t\t<div class=\"elementor-column elementor-col-50 elementor-top-column elementor-element elementor-element-2bc0c0a\" data-id=\"2bc0c0a\" data-element_type=\"column\">\n\t\t\t<div class=\"elementor-widget-wrap elementor-element-populated\">\n\t\t\t\t\t\t<div class=\"elementor-element elementor-element-63fcf91 elementor-widget elementor-widget-heading\" data-id=\"63fcf91\" data-element_type=\"widget\" data-widget_type=\"heading.default\">\n\t\t\t\t<div class=\"elementor-widget-container\">\n\t\t\t\t\t<h2 class=\"elementor-heading-title elementor-size-default\">Pr\u00e1ctica en derecho civil<\/h2>\t\t\t\t<\/div>\n\t\t\t\t<\/div>\n\t\t\t\t\t<\/div>\n\t\t<\/div>\n\t\t\t\t<div class=\"elementor-column elementor-col-50 elementor-top-column elementor-element elementor-element-7ed6ea6\" data-id=\"7ed6ea6\" data-element_type=\"column\">\n\t\t\t<div class=\"elementor-widget-wrap elementor-element-populated\">\n\t\t\t\t\t\t<div class=\"elementor-element elementor-element-074cd83 elementor-widget elementor-widget-text-editor\" data-id=\"074cd83\" data-element_type=\"widget\" data-widget_type=\"text-editor.default\">\n\t\t\t\t<div class=\"elementor-widget-container\">\n\t\t\t\t\t\t\t\t\t<p>Intervenimos para defender sus intereses en el marco de sus operaciones, en franc\u00e9s y en espa\u00f1ol, y tomamos en cuenta sus particularidades como extranjero o no residente. Evitamos las consecuencias negativas y le prevenimos de cualquier problema legal o econ\u00f3mico. Consulte aqu\u00ed las materias de nuestra competencia.<\/p><ul><li>Derecho espa\u00f1ol y europeo<\/li><li>Creaci\u00f3n y gesti\u00f3n de entidades civiles (sociedad de derecho civil, asociaci\u00f3n, comunidad de bienes, etc.)<\/li><li>Contratos privados<\/li><li>Responsabilidad civil contractual y extracontractual<\/li><li>Derecho de los consumidores y usuarios<\/li><li>Propiedad intelectual Internet y protecci\u00f3n de datos personales\u00a0<\/li><li>Comercio electr\u00f3nico<\/li><li>Defensa: arbitraje y judicial<\/li><li>Derecho de las personas f\u00edsicas<\/li><li>Acogimiento y adopci\u00f3n nacional e internacional<\/li><li>Derecho de sucesiones y donaciones<\/li><\/ul>\t\t\t\t\t\t\t\t<\/div>\n\t\t\t\t<\/div>\n\t\t\t\t\t<\/div>\n\t\t<\/div>\n\t\t\t\t\t<\/div>\n\t\t<\/section>\n\t\t\t\t<section class=\"elementor-section elementor-top-section elementor-element elementor-element-2dbcb5d elementor-section-boxed elementor-section-height-default elementor-section-height-default\" data-id=\"2dbcb5d\" data-element_type=\"section\">\n\t\t\t\t\t\t<div class=\"elementor-container elementor-column-gap-default\">\n\t\t\t\t\t<div class=\"elementor-column elementor-col-50 elementor-top-column elementor-element elementor-element-feae03d\" data-id=\"feae03d\" data-element_type=\"column\">\n\t\t\t<div class=\"elementor-widget-wrap elementor-element-populated\">\n\t\t\t\t\t\t<div class=\"elementor-element elementor-element-cf58423 elementor-widget elementor-widget-heading\" data-id=\"cf58423\" data-element_type=\"widget\" data-widget_type=\"heading.default\">\n\t\t\t\t<div class=\"elementor-widget-container\">\n\t\t\t\t\t<h2 class=\"elementor-heading-title elementor-size-default\">Comercio y Negocios<\/h2>\t\t\t\t<\/div>\n\t\t\t\t<\/div>\n\t\t\t\t\t<\/div>\n\t\t<\/div>\n\t\t\t\t<div class=\"elementor-column elementor-col-50 elementor-top-column elementor-element elementor-element-6c8394b\" data-id=\"6c8394b\" data-element_type=\"column\">\n\t\t\t<div class=\"elementor-widget-wrap elementor-element-populated\">\n\t\t\t\t\t\t<div class=\"elementor-element elementor-element-ce7db8d elementor-widget elementor-widget-text-editor\" data-id=\"ce7db8d\" data-element_type=\"widget\" data-widget_type=\"text-editor.default\">\n\t\t\t\t<div class=\"elementor-widget-container\">\n\t\t\t\t\t\t\t\t\t<p>Creamos empresas y mejoramos la gesti\u00f3n de tu negocio en 360 grados: derecho societario, fiscal, laboral, asesoramiento jur\u00eddico. Te apoyamos en tu proceso de mejora y expansi\u00f3n nacional e internacional. Somos los intermediarios que necesitas para llevar a cabo tus objetivos en Espa\u00f1a y en tu idioma.<\/p><ul><li>Incorporaci\u00f3n de la compa\u00f1\u00eda<\/li><li>Fusi\u00f3n y cambio de empresa<\/li><li>Grupo de empresas, Holding, (ETVE, etc)<br \/>gesti\u00f3n integral de sociedades (derecho societario, fiscal y contable, laboral y S.S.) con trabajadores nacionales, extranjeros, residentes o no residentes.<\/li><li>Estudio y plan de mejora 360\u00ba<\/li><li>Redacci\u00f3n y negociaci\u00f3n de contratos comerciales.<\/li><li>Dimensi\u00f3n nacional e internacional, en franc\u00e9s y castellano<\/li><li>Propiedad intelectual e industrial<\/li><li>Defensa: arbitral y judicial<\/li><li>Prevenci\u00f3n especial aplicada contra el blanqueo de capitales<\/li><li>Prevenci\u00f3n especial contra la responsabilidad penal de la empresa<\/li><li>Ley de Protecci\u00f3n de Datos Personales: su negocio en el punto de mira<\/li><li>Responsabilidad civil contractual y extracontractual<\/li><\/ul>\t\t\t\t\t\t\t\t<\/div>\n\t\t\t\t<\/div>\n\t\t\t\t\t<\/div>\n\t\t<\/div>\n\t\t\t\t\t<\/div>\n\t\t<\/section>\n\t\t\t\t<section class=\"elementor-section elementor-top-section elementor-element elementor-element-a228e2d elementor-section-boxed elementor-section-height-default elementor-section-height-default\" data-id=\"a228e2d\" data-element_type=\"section\">\n\t\t\t\t\t\t<div class=\"elementor-container elementor-column-gap-default\">\n\t\t\t\t\t<div class=\"elementor-column elementor-col-50 elementor-top-column elementor-element elementor-element-1ce2557\" data-id=\"1ce2557\" data-element_type=\"column\">\n\t\t\t<div class=\"elementor-widget-wrap elementor-element-populated\">\n\t\t\t\t\t\t<div class=\"elementor-element elementor-element-b5bf481 elementor-widget elementor-widget-heading\" data-id=\"b5bf481\" data-element_type=\"widget\" data-widget_type=\"heading.default\">\n\t\t\t\t<div class=\"elementor-widget-container\">\n\t\t\t\t\t<h2 class=\"elementor-heading-title elementor-size-default\">Inmobiliaria<\/h2>\t\t\t\t<\/div>\n\t\t\t\t<\/div>\n\t\t\t\t\t<\/div>\n\t\t<\/div>\n\t\t\t\t<div class=\"elementor-column elementor-col-50 elementor-top-column elementor-element elementor-element-4c186fc\" data-id=\"4c186fc\" data-element_type=\"column\">\n\t\t\t<div class=\"elementor-widget-wrap elementor-element-populated\">\n\t\t\t\t\t\t<div class=\"elementor-element elementor-element-68e5d72 elementor-widget elementor-widget-text-editor\" data-id=\"68e5d72\" data-element_type=\"widget\" data-widget_type=\"text-editor.default\">\n\t\t\t\t<div class=\"elementor-widget-container\">\n\t\t\t\t\t\t\t\t\t<p>Garantizamos la seguridad de sus operaciones de adquisici\u00f3n inmobiliaria (legal, cr\u00e9dito, etc.), gesti\u00f3n o mejora de su propiedad. Evitar cualquier responsabilidad civil, penal o de deuda civil en sus operaciones. Si eres y\/o tratas con no residentes, te advertimos de cualquier responsabilidad.<\/p><ul><li>Asesoramiento y apoyo jur\u00eddico integral<\/li><li>Compra-venta de inmuebles<\/li><li>Herencia y donaci\u00f3n de bienes inmuebles<\/li><li>Derecho inmobiliario espa\u00f1ol y europeo<\/li><li>Contratos de arrendamiento espa\u00f1oles y europeos<\/li><li>Gesti\u00f3n Inmobiliaria<\/li><li>Asesoramiento fiscal y contable<\/li><li>Prevenci\u00f3n especial aplicada contra el blanqueo de capitales<\/li><li>Defensa: arbitral y judicial<\/li><\/ul>\t\t\t\t\t\t\t\t<\/div>\n\t\t\t\t<\/div>\n\t\t\t\t\t<\/div>\n\t\t<\/div>\n\t\t\t\t\t<\/div>\n\t\t<\/section>\n\t\t\t\t<section class=\"elementor-section elementor-top-section elementor-element elementor-element-5764177 elementor-section-boxed elementor-section-height-default elementor-section-height-default\" data-id=\"5764177\" data-element_type=\"section\">\n\t\t\t\t\t\t<div class=\"elementor-container elementor-column-gap-default\">\n\t\t\t\t\t<div class=\"elementor-column elementor-col-50 elementor-top-column elementor-element elementor-element-fbb0625\" data-id=\"fbb0625\" data-element_type=\"column\">\n\t\t\t<div class=\"elementor-widget-wrap elementor-element-populated\">\n\t\t\t\t\t\t<div class=\"elementor-element elementor-element-3c49992 elementor-widget elementor-widget-heading\" data-id=\"3c49992\" data-element_type=\"widget\" data-widget_type=\"heading.default\">\n\t\t\t\t<div class=\"elementor-widget-container\">\n\t\t\t\t\t<h2 class=\"elementor-heading-title elementor-size-default\">Penal<\/h2>\t\t\t\t<\/div>\n\t\t\t\t<\/div>\n\t\t\t\t\t<\/div>\n\t\t<\/div>\n\t\t\t\t<div class=\"elementor-column elementor-col-50 elementor-top-column elementor-element elementor-element-b40cb4e\" data-id=\"b40cb4e\" data-element_type=\"column\">\n\t\t\t<div class=\"elementor-widget-wrap elementor-element-populated\">\n\t\t\t\t\t\t<div class=\"elementor-element elementor-element-104e5b3 elementor-widget elementor-widget-text-editor\" data-id=\"104e5b3\" data-element_type=\"widget\" data-widget_type=\"text-editor.default\">\n\t\t\t\t<div class=\"elementor-widget-container\">\n\t\t\t\t\t\t\t\t\t<p>Porque es f\u00e1cil cruzar la l\u00ednea entre lo legal y lo ilegal, asesoramos a particulares y empresas para que se prevengan. Porque es f\u00e1cil verse envuelto en procesos penales, defendemos sus intereses m\u00e1s preciados, su libertad, su integridad y su propiedad.<\/p><ul><li>Quejas y quejas penales<\/li><li>Responsabilidad penal de las personas f\u00edsicas<\/li><li>Responsabilidad penal de las empresas y delitos societarios<\/li><li>Delitos contra la seguridad vial<\/li><li>Delitos econ\u00f3micos: estafa, malversaci\u00f3n, ocultaci\u00f3n de bienes<\/li><li>Insolvencia punible<\/li><li>Delitos fiscales y contables, delitos contra la seguridad social<\/li><li>Delitos contra el honor, la intimidad y la imagen personal<\/li><li>Delitos inform\u00e1ticos y relacionados con el uso de internet<\/li><li>Tratamiento de la suspensi\u00f3n o sustituci\u00f3n de la ejecuci\u00f3n de las penas<br \/>derecho penitenciario<\/li><\/ul>\t\t\t\t\t\t\t\t<\/div>\n\t\t\t\t<\/div>\n\t\t\t\t\t<\/div>\n\t\t<\/div>\n\t\t\t\t\t<\/div>\n\t\t<\/section>\n\t\t\t\t<section class=\"elementor-section elementor-top-section elementor-element elementor-element-e7af69c elementor-section-boxed elementor-section-height-default elementor-section-height-default\" data-id=\"e7af69c\" data-element_type=\"section\">\n\t\t\t\t\t\t<div class=\"elementor-container elementor-column-gap-default\">\n\t\t\t\t\t<div class=\"elementor-column elementor-col-50 elementor-top-column elementor-element elementor-element-5c116f7\" data-id=\"5c116f7\" data-element_type=\"column\">\n\t\t\t<div class=\"elementor-widget-wrap elementor-element-populated\">\n\t\t\t\t\t\t<div class=\"elementor-element elementor-element-a09b6e3 elementor-widget elementor-widget-heading\" data-id=\"a09b6e3\" data-element_type=\"widget\" data-widget_type=\"heading.default\">\n\t\t\t\t<div class=\"elementor-widget-container\">\n\t\t\t\t\t<h2 class=\"elementor-heading-title elementor-size-default\">Activos concursales<\/h2>\t\t\t\t<\/div>\n\t\t\t\t<\/div>\n\t\t\t\t\t<\/div>\n\t\t<\/div>\n\t\t\t\t<div class=\"elementor-column elementor-col-50 elementor-top-column elementor-element elementor-element-7d989b0\" data-id=\"7d989b0\" data-element_type=\"column\">\n\t\t\t<div class=\"elementor-widget-wrap elementor-element-populated\">\n\t\t\t\t\t\t<div class=\"elementor-element elementor-element-572b731 elementor-widget elementor-widget-text-editor\" data-id=\"572b731\" data-element_type=\"widget\" data-widget_type=\"text-editor.default\">\n\t\t\t\t<div class=\"elementor-widget-container\">\n\t\t\t\t\t\t\t\t\t<p>Porque es f\u00e1cil cruzar la l\u00ednea entre lo legal y lo ilegal, asesoramos a particulares y empresas para que se prevengan. Porque es f\u00e1cil verse envuelto en procesos penales, defendemos sus intereses m\u00e1s preciados, su libertad, su integridad y su propiedad.<\/p><ul><li>Quejas y quejas penales<\/li><li>Responsabilidad penal de las personas f\u00edsicas<\/li><li>Responsabilidad penal de las empresas y delitos societarios<\/li><li>Delitos contra la seguridad vial<\/li><li>Delitos econ\u00f3micos: estafa, malversaci\u00f3n, ocultaci\u00f3n de bienes<\/li><li>Insolvencia punible<\/li><li>Delitos fiscales y contables, delitos contra la seguridad social<\/li><li>Delitos contra el honor, la intimidad y la imagen personal<\/li><li>Delitos inform\u00e1ticos y relacionados con el uso de internet<\/li><li>Tratamiento de la suspensi\u00f3n o sustituci\u00f3n de la ejecuci\u00f3n de las penas<\/li><li>Derecho penitenciario<\/li><\/ul>\t\t\t\t\t\t\t\t<\/div>\n\t\t\t\t<\/div>\n\t\t\t\t\t<\/div>\n\t\t<\/div>\n\t\t\t\t\t<\/div>\n\t\t<\/section>\n\t\t\t\t<\/div>\n\t\t","protected":false},"excerpt":{"rendered":"<p>Nuestros servicios Nuestros dossiers En Cabinet Global Defense nos ocupamos de la creaci\u00f3n y gesti\u00f3n de empresas en Espa\u00f1a y Andorra. Ofrecemos servicios para sociedades de inversi\u00f3n inmobiliaria en Barcelona, \u200b\u200bM\u00e1laga y Madrid, Holding sociedades con ventajas fiscales en Barcelona, \u200b\u200bGirona y Alicante, y empresas de log\u00edstica de servicios en Sevilla, Zaragoza y Barcelona. Tambi\u00e9n&hellip; <a class=\"more-link\" href=\"https:\/\/cabinetglobaldefense.com\/es\/bufete-de-abogados-francofono-servicios-legales\/\">Seguir leyendo <span class=\"screen-reader-text\">Servicios<\/span><\/a><\/p>\n","protected":false},"author":1,"featured_media":0,"parent":0,"menu_order":0,"comment_status":"closed","ping_status":"closed","template":"elementor_header_footer","meta":{"footnotes":""},"class_list":["post-1040","page","type-page","status-publish","hentry","entry"],"yoast_head":"<!-- This site is optimized with the Yoast SEO plugin v26.2 - https:\/\/yoast.com\/wordpress\/plugins\/seo\/ -->\n<title>Servicios - Cabinet Global Defense<\/title>\n<meta name=\"description\" content=\"Nos avocats en fran\u00e7ais vous offrent une consultation gratuite pourdiscuter de nos honoraires et vous proposer un devis personnalis\u00e9.\" \/>\n<meta name=\"robots\" content=\"index, follow, max-snippet:-1, max-image-preview:large, max-video-preview:-1\" \/>\n<link rel=\"canonical\" href=\"https:\/\/cabinetglobaldefense.com\/es\/bufete-de-abogados-francofono-servicios-legales\/\" \/>\n<meta property=\"og:locale\" content=\"es_ES\" \/>\n<meta property=\"og:type\" content=\"article\" \/>\n<meta property=\"og:title\" content=\"Servicios - Cabinet Global Defense\" \/>\n<meta property=\"og:description\" content=\"Nos avocats en fran\u00e7ais vous offrent une consultation gratuite pourdiscuter de nos honoraires et vous proposer un devis personnalis\u00e9.\" \/>\n<meta property=\"og:url\" content=\"https:\/\/cabinetglobaldefense.com\/es\/bufete-de-abogados-francofono-servicios-legales\/\" \/>\n<meta property=\"og:site_name\" content=\"Cabinet Global Defense\" \/>\n<meta property=\"article:modified_time\" content=\"2025-06-09T08:47:43+00:00\" \/>\n<meta name=\"twitter:card\" content=\"summary_large_image\" \/>\n<meta name=\"twitter:label1\" content=\"Tiempo de lectura\" \/>\n\t<meta name=\"twitter:data1\" content=\"4 minutos\" \/>\n<script type=\"application\/ld+json\" class=\"yoast-schema-graph\">{\"@context\":\"https:\/\/schema.org\",\"@graph\":[{\"@type\":\"WebPage\",\"@id\":\"https:\/\/cabinetglobaldefense.com\/es\/bufete-de-abogados-francofono-servicios-legales\/\",\"url\":\"https:\/\/cabinetglobaldefense.com\/es\/bufete-de-abogados-francofono-servicios-legales\/\",\"name\":\"Servicios - Cabinet Global Defense\",\"isPartOf\":{\"@id\":\"https:\/\/cabinetglobaldefense.com\/#website\"},\"datePublished\":\"2023-03-10T07:31:13+00:00\",\"dateModified\":\"2025-06-09T08:47:43+00:00\",\"description\":\"Nos avocats en fran\u00e7ais vous offrent une consultation gratuite pourdiscuter de nos honoraires et vous proposer un devis personnalis\u00e9.\",\"breadcrumb\":{\"@id\":\"https:\/\/cabinetglobaldefense.com\/es\/bufete-de-abogados-francofono-servicios-legales\/#breadcrumb\"},\"inLanguage\":\"es\",\"potentialAction\":[{\"@type\":\"ReadAction\",\"target\":[\"https:\/\/cabinetglobaldefense.com\/es\/bufete-de-abogados-francofono-servicios-legales\/\"]}]},{\"@type\":\"BreadcrumbList\",\"@id\":\"https:\/\/cabinetglobaldefense.com\/es\/bufete-de-abogados-francofono-servicios-legales\/#breadcrumb\",\"itemListElement\":[{\"@type\":\"ListItem\",\"position\":1,\"name\":\"Portada\",\"item\":\"https:\/\/cabinetglobaldefense.com\/es\/\"},{\"@type\":\"ListItem\",\"position\":2,\"name\":\"Servicios\"}]},{\"@type\":\"WebSite\",\"@id\":\"https:\/\/cabinetglobaldefense.com\/#website\",\"url\":\"https:\/\/cabinetglobaldefense.com\/\",\"name\":\"Cabinet Global Defense\",\"description\":\"LAWYERS WITH A GLOBAL REPUTATION\",\"publisher\":{\"@id\":\"https:\/\/cabinetglobaldefense.com\/#organization\"},\"potentialAction\":[{\"@type\":\"SearchAction\",\"target\":{\"@type\":\"EntryPoint\",\"urlTemplate\":\"https:\/\/cabinetglobaldefense.com\/?s={search_term_string}\"},\"query-input\":{\"@type\":\"PropertyValueSpecification\",\"valueRequired\":true,\"valueName\":\"search_term_string\"}}],\"inLanguage\":\"es\"},{\"@type\":\"Organization\",\"@id\":\"https:\/\/cabinetglobaldefense.com\/#organization\",\"name\":\"Cabinet Global Defense\",\"alternateName\":\"Avocat francophone Barcelone\",\"url\":\"https:\/\/cabinetglobaldefense.com\/\",\"logo\":{\"@type\":\"ImageObject\",\"inLanguage\":\"es\",\"@id\":\"https:\/\/cabinetglobaldefense.com\/#\/schema\/logo\/image\/\",\"url\":\"https:\/\/cabinetglobaldefense.com\/wp-content\/uploads\/2023\/02\/cropped-logo-head-300x55-1.png\",\"contentUrl\":\"https:\/\/cabinetglobaldefense.com\/wp-content\/uploads\/2023\/02\/cropped-logo-head-300x55-1.png\",\"width\":300,\"height\":55,\"caption\":\"Cabinet Global Defense\"},\"image\":{\"@id\":\"https:\/\/cabinetglobaldefense.com\/#\/schema\/logo\/image\/\"}}]}<\/script>\n<!-- \/ Yoast SEO plugin. -->","yoast_head_json":{"title":"Servicios - Cabinet Global Defense","description":"Nos avocats en fran\u00e7ais vous offrent une consultation gratuite pourdiscuter de nos honoraires et vous proposer un devis personnalis\u00e9.","robots":{"index":"index","follow":"follow","max-snippet":"max-snippet:-1","max-image-preview":"max-image-preview:large","max-video-preview":"max-video-preview:-1"},"canonical":"https:\/\/cabinetglobaldefense.com\/es\/bufete-de-abogados-francofono-servicios-legales\/","og_locale":"es_ES","og_type":"article","og_title":"Servicios - Cabinet Global Defense","og_description":"Nos avocats en fran\u00e7ais vous offrent une consultation gratuite pourdiscuter de nos honoraires et vous proposer un devis personnalis\u00e9.","og_url":"https:\/\/cabinetglobaldefense.com\/es\/bufete-de-abogados-francofono-servicios-legales\/","og_site_name":"Cabinet Global Defense","article_modified_time":"2025-06-09T08:47:43+00:00","twitter_card":"summary_large_image","twitter_misc":{"Tiempo de lectura":"4 minutos"},"schema":{"@context":"https:\/\/schema.org","@graph":[{"@type":"WebPage","@id":"https:\/\/cabinetglobaldefense.com\/es\/bufete-de-abogados-francofono-servicios-legales\/","url":"https:\/\/cabinetglobaldefense.com\/es\/bufete-de-abogados-francofono-servicios-legales\/","name":"Servicios - Cabinet Global Defense","isPartOf":{"@id":"https:\/\/cabinetglobaldefense.com\/#website"},"datePublished":"2023-03-10T07:31:13+00:00","dateModified":"2025-06-09T08:47:43+00:00","description":"Nos avocats en fran\u00e7ais vous offrent une consultation gratuite pourdiscuter de nos honoraires et vous proposer un devis personnalis\u00e9.","breadcrumb":{"@id":"https:\/\/cabinetglobaldefense.com\/es\/bufete-de-abogados-francofono-servicios-legales\/#breadcrumb"},"inLanguage":"es","potentialAction":[{"@type":"ReadAction","target":["https:\/\/cabinetglobaldefense.com\/es\/bufete-de-abogados-francofono-servicios-legales\/"]}]},{"@type":"BreadcrumbList","@id":"https:\/\/cabinetglobaldefense.com\/es\/bufete-de-abogados-francofono-servicios-legales\/#breadcrumb","itemListElement":[{"@type":"ListItem","position":1,"name":"Portada","item":"https:\/\/cabinetglobaldefense.com\/es\/"},{"@type":"ListItem","position":2,"name":"Servicios"}]},{"@type":"WebSite","@id":"https:\/\/cabinetglobaldefense.com\/#website","url":"https:\/\/cabinetglobaldefense.com\/","name":"Cabinet Global Defense","description":"LAWYERS WITH A GLOBAL REPUTATION","publisher":{"@id":"https:\/\/cabinetglobaldefense.com\/#organization"},"potentialAction":[{"@type":"SearchAction","target":{"@type":"EntryPoint","urlTemplate":"https:\/\/cabinetglobaldefense.com\/?s={search_term_string}"},"query-input":{"@type":"PropertyValueSpecification","valueRequired":true,"valueName":"search_term_string"}}],"inLanguage":"es"},{"@type":"Organization","@id":"https:\/\/cabinetglobaldefense.com\/#organization","name":"Cabinet Global Defense","alternateName":"Avocat francophone Barcelone","url":"https:\/\/cabinetglobaldefense.com\/","logo":{"@type":"ImageObject","inLanguage":"es","@id":"https:\/\/cabinetglobaldefense.com\/#\/schema\/logo\/image\/","url":"https:\/\/cabinetglobaldefense.com\/wp-content\/uploads\/2023\/02\/cropped-logo-head-300x55-1.png","contentUrl":"https:\/\/cabinetglobaldefense.com\/wp-content\/uploads\/2023\/02\/cropped-logo-head-300x55-1.png","width":300,"height":55,"caption":"Cabinet Global Defense"},"image":{"@id":"https:\/\/cabinetglobaldefense.com\/#\/schema\/logo\/image\/"}}]}},"_links":{"self":[{"href":"https:\/\/cabinetglobaldefense.com\/es\/wp-json\/wp\/v2\/pages\/1040","targetHints":{"allow":["GET"]}}],"collection":[{"href":"https:\/\/cabinetglobaldefense.com\/es\/wp-json\/wp\/v2\/pages"}],"about":[{"href":"https:\/\/cabinetglobaldefense.com\/es\/wp-json\/wp\/v2\/types\/page"}],"author":[{"embeddable":true,"href":"https:\/\/cabinetglobaldefense.com\/es\/wp-json\/wp\/v2\/users\/1"}],"replies":[{"embeddable":true,"href":"https:\/\/cabinetglobaldefense.com\/es\/wp-json\/wp\/v2\/comments?post=1040"}],"version-history":[{"count":23,"href":"https:\/\/cabinetglobaldefense.com\/es\/wp-json\/wp\/v2\/pages\/1040\/revisions"}],"predecessor-version":[{"id":1852,"href":"https:\/\/cabinetglobaldefense.com\/es\/wp-json\/wp\/v2\/pages\/1040\/revisions\/1852"}],"wp:attachment":[{"href":"https:\/\/cabinetglobaldefense.com\/es\/wp-json\/wp\/v2\/media?parent=1040"}],"curies":[{"name":"wp","href":"https:\/\/api.w.org\/{rel}","templated":true}]}}