{"id":1041,"date":"2023-02-13T08:44:09","date_gmt":"2023-02-13T08:44:09","guid":{"rendered":"https:\/\/cabinetglobaldefense.com\/politique-de-cookies-2\/"},"modified":"2025-06-09T08:59:46","modified_gmt":"2025-06-09T08:59:46","slug":"politique-de-cookies","status":"publish","type":"page","link":"https:\/\/cabinetglobaldefense.com\/es\/politique-de-cookies\/","title":{"rendered":"Politique de Cookies"},"content":{"rendered":"\t\t<div data-elementor-type=\"wp-post\" data-elementor-id=\"1041\" class=\"elementor elementor-1041 elementor-475\" data-elementor-post-type=\"page\">\n\t\t\t\t\t\t<section class=\"elementor-section elementor-top-section elementor-element elementor-element-5c33f74b elementor-section-height-min-height elementor-section-boxed elementor-section-height-default elementor-section-items-middle\" data-id=\"5c33f74b\" data-element_type=\"section\" data-settings=\"{&quot;background_background&quot;:&quot;classic&quot;}\">\n\t\t\t\t\t\t<div class=\"elementor-container elementor-column-gap-default\">\n\t\t\t\t\t<div class=\"elementor-column elementor-col-100 elementor-top-column elementor-element elementor-element-4e0e7163\" data-id=\"4e0e7163\" data-element_type=\"column\">\n\t\t\t<div class=\"elementor-widget-wrap elementor-element-populated\">\n\t\t\t\t\t\t<div class=\"elementor-element elementor-element-2b71092d elementor-widget elementor-widget-heading\" data-id=\"2b71092d\" data-element_type=\"widget\" data-widget_type=\"heading.default\">\n\t\t\t\t<div class=\"elementor-widget-container\">\n\t\t\t\t\t<h1 class=\"elementor-heading-title elementor-size-default\">Pol\u00edtica de cookies<\/h1>\t\t\t\t<\/div>\n\t\t\t\t<\/div>\n\t\t\t\t\t<\/div>\n\t\t<\/div>\n\t\t\t\t\t<\/div>\n\t\t<\/section>\n\t\t\t\t<section class=\"elementor-section elementor-top-section elementor-element elementor-element-a0cd26c elementor-section-boxed elementor-section-height-default elementor-section-height-default\" data-id=\"a0cd26c\" data-element_type=\"section\">\n\t\t\t\t\t\t<div class=\"elementor-container elementor-column-gap-default\">\n\t\t\t\t\t<div class=\"elementor-column elementor-col-100 elementor-top-column elementor-element elementor-element-55e1f26f\" data-id=\"55e1f26f\" data-element_type=\"column\">\n\t\t\t<div class=\"elementor-widget-wrap elementor-element-populated\">\n\t\t\t\t\t\t<div class=\"elementor-element elementor-element-189bea64 elementor-widget elementor-widget-text-editor\" data-id=\"189bea64\" data-element_type=\"widget\" data-widget_type=\"text-editor.default\">\n\t\t\t\t<div class=\"elementor-widget-container\">\n\t\t\t\t\t\t\t\t\t<h4>Nuestro sitio utiliza cookies para mejorar la experiencia del usuario y proporcionar contenido personalizado. Al continuar navegando por nuestro sitio, acepta el uso de cookies.<\/h4>\t\t\t\t\t\t\t\t<\/div>\n\t\t\t\t<\/div>\n\t\t\t\t\t<\/div>\n\t\t<\/div>\n\t\t\t\t\t<\/div>\n\t\t<\/section>\n\t\t\t\t<section class=\"elementor-section elementor-top-section elementor-element elementor-element-e13ba3f elementor-section-boxed elementor-section-height-default elementor-section-height-default\" data-id=\"e13ba3f\" data-element_type=\"section\">\n\t\t\t\t\t\t<div class=\"elementor-container elementor-column-gap-default\">\n\t\t\t\t\t<div class=\"elementor-column elementor-col-50 elementor-top-column elementor-element elementor-element-e577ee4\" data-id=\"e577ee4\" data-element_type=\"column\">\n\t\t\t<div class=\"elementor-widget-wrap elementor-element-populated\">\n\t\t\t\t\t\t<div class=\"elementor-element elementor-element-82d4cb0 elementor-widget elementor-widget-heading\" data-id=\"82d4cb0\" data-element_type=\"widget\" data-widget_type=\"heading.default\">\n\t\t\t\t<div class=\"elementor-widget-container\">\n\t\t\t\t\t<h2 class=\"elementor-heading-title elementor-size-default\">\u00bfQu\u00e9 son las cookies?<\/h2>\t\t\t\t<\/div>\n\t\t\t\t<\/div>\n\t\t\t\t\t<\/div>\n\t\t<\/div>\n\t\t\t\t<div class=\"elementor-column elementor-col-50 elementor-top-column elementor-element elementor-element-8b23d3d\" data-id=\"8b23d3d\" data-element_type=\"column\">\n\t\t\t<div class=\"elementor-widget-wrap elementor-element-populated\">\n\t\t\t\t\t\t<div class=\"elementor-element elementor-element-2466b89 elementor-widget elementor-widget-text-editor\" data-id=\"2466b89\" data-element_type=\"widget\" data-widget_type=\"text-editor.default\">\n\t\t\t\t<div class=\"elementor-widget-container\">\n\t\t\t\t\t\t\t\t\t<p>Las cookies son peque\u00f1os archivos de texto que se almacenan en el dispositivo del usuario cuando visita una p\u00e1gina web. Estos archivos permiten que la p\u00e1gina recuerde la actividad y las preferencias del usuario, como el idioma o la ubicaci\u00f3n seleccionada.<\/p>\t\t\t\t\t\t\t\t<\/div>\n\t\t\t\t<\/div>\n\t\t\t\t\t<\/div>\n\t\t<\/div>\n\t\t\t\t\t<\/div>\n\t\t<\/section>\n\t\t\t\t<section class=\"elementor-section elementor-top-section elementor-element elementor-element-665897d elementor-section-boxed elementor-section-height-default elementor-section-height-default\" data-id=\"665897d\" data-element_type=\"section\">\n\t\t\t\t\t\t<div class=\"elementor-container elementor-column-gap-default\">\n\t\t\t\t\t<div class=\"elementor-column elementor-col-50 elementor-top-column elementor-element elementor-element-fc8a74f\" data-id=\"fc8a74f\" data-element_type=\"column\">\n\t\t\t<div class=\"elementor-widget-wrap elementor-element-populated\">\n\t\t\t\t\t\t<div class=\"elementor-element elementor-element-a4c79a7 elementor-widget elementor-widget-heading\" data-id=\"a4c79a7\" data-element_type=\"widget\" data-widget_type=\"heading.default\">\n\t\t\t\t<div class=\"elementor-widget-container\">\n\t\t\t\t\t<h2 class=\"elementor-heading-title elementor-size-default\">Tipos de Galletas<\/h2>\t\t\t\t<\/div>\n\t\t\t\t<\/div>\n\t\t\t\t\t<\/div>\n\t\t<\/div>\n\t\t\t\t<div class=\"elementor-column elementor-col-50 elementor-top-column elementor-element elementor-element-042f68b\" data-id=\"042f68b\" data-element_type=\"column\">\n\t\t\t<div class=\"elementor-widget-wrap elementor-element-populated\">\n\t\t\t\t\t\t<div class=\"elementor-element elementor-element-5fe63df elementor-widget elementor-widget-text-editor\" data-id=\"5fe63df\" data-element_type=\"widget\" data-widget_type=\"text-editor.default\">\n\t\t\t\t<div class=\"elementor-widget-container\">\n\t\t\t\t\t\t\t\t\t<p>Existen diferentes tipos de cookies, incluidas las cookies de sesi\u00f3n y las cookies persistentes. Las cookies de sesi\u00f3n se eliminan una vez que el usuario cierra su navegador, mientras que las cookies persistentes se almacenan en el dispositivo del usuario hasta que caducan o se eliminan manualmente.<\/p><p>\u00a0<\/p><p>Adem\u00e1s, tambi\u00e9n existen cookies t\u00e9cnicas, de preferencia, de an\u00e1lisis y publicitarias. Las cookies t\u00e9cnicas son necesarias para el correcto funcionamiento del sitio web, mientras que las cookies de preferencia se utilizan para recordar las preferencias del usuario. Las cookies anal\u00edticas nos ayudan a comprender c\u00f3mo interact\u00faan los usuarios con nuestro sitio, y las cookies publicitarias se utilizan para mostrar anuncios personalizados.<\/p><p>\u00a0<\/p><p><strong>wordpress_[hash]<\/strong>: esta es una cookie de sesi\u00f3n de WordPress que contiene una ID de sesi\u00f3n cifrada. Su nombre es \u00abwordpress_\u00bb seguido de un hash. Su duraci\u00f3n es hasta que el usuario cierra su navegador.<\/p><p>\u00a0<\/p><p><strong>wp-settings-{time}-[UID]<\/strong>: esta cookie almacena la configuraci\u00f3n de visualizaci\u00f3n del usuario en el panel de administraci\u00f3n de WordPress. Su nombre incluye \u00abwp-settings-\u00bb seguido de un n\u00famero (que representa cu\u00e1ndo se establecieron las configuraciones) y un identificador de usuario \u00fanico (UID). Su duraci\u00f3n es de 1 a\u00f1o.<\/p><p>\u00a0<\/p><p><strong>wordpress_logged_in_[hash]<\/strong>: esta cookie se establece cuando un usuario inicia sesi\u00f3n en WordPress y se usa para indicar si un usuario est\u00e1 actualmente conectado o no. Su nombre es \u00abwordpress_logged_in_\u00bb seguido de un hash. Su duraci\u00f3n es hasta que el usuario cierra su navegador.<\/p><p>\u00a0<\/p><p><strong>elementor<\/strong>: esta cookie se establece cuando un usuario visita una p\u00e1gina creada con Elementor. Se utiliza para almacenar informaci\u00f3n sobre la configuraci\u00f3n de vista previa y para mejorar la experiencia de edici\u00f3n. Su duraci\u00f3n es de 1 a\u00f1o.<\/p><p>\u00a0<\/p><p><strong>elementor_responsive<\/strong>: esta cookie se establece cuando un usuario cambia la resoluci\u00f3n de su pantalla. Se utiliza para almacenar configuraciones de pantalla receptivas y mejorar la experiencia de navegaci\u00f3n en dispositivos m\u00f3viles. Su duraci\u00f3n es de 1 a\u00f1o.<\/p>\t\t\t\t\t\t\t\t<\/div>\n\t\t\t\t<\/div>\n\t\t\t\t\t<\/div>\n\t\t<\/div>\n\t\t\t\t\t<\/div>\n\t\t<\/section>\n\t\t\t\t<section class=\"elementor-section elementor-top-section elementor-element elementor-element-0d0665c elementor-section-boxed elementor-section-height-default elementor-section-height-default\" data-id=\"0d0665c\" data-element_type=\"section\">\n\t\t\t\t\t\t<div class=\"elementor-container elementor-column-gap-default\">\n\t\t\t\t\t<div class=\"elementor-column elementor-col-50 elementor-top-column elementor-element elementor-element-c338ad2\" data-id=\"c338ad2\" data-element_type=\"column\">\n\t\t\t<div class=\"elementor-widget-wrap elementor-element-populated\">\n\t\t\t\t\t\t<div class=\"elementor-element elementor-element-224d61d elementor-widget elementor-widget-heading\" data-id=\"224d61d\" data-element_type=\"widget\" data-widget_type=\"heading.default\">\n\t\t\t\t<div class=\"elementor-widget-container\">\n\t\t\t\t\t<h2 class=\"elementor-heading-title elementor-size-default\">control de cookies<\/h2>\t\t\t\t<\/div>\n\t\t\t\t<\/div>\n\t\t\t\t\t<\/div>\n\t\t<\/div>\n\t\t\t\t<div class=\"elementor-column elementor-col-50 elementor-top-column elementor-element elementor-element-01c5ddc\" data-id=\"01c5ddc\" data-element_type=\"column\">\n\t\t\t<div class=\"elementor-widget-wrap elementor-element-populated\">\n\t\t\t\t\t\t<div class=\"elementor-element elementor-element-6c840e9 elementor-widget elementor-widget-text-editor\" data-id=\"6c840e9\" data-element_type=\"widget\" data-widget_type=\"text-editor.default\">\n\t\t\t\t<div class=\"elementor-widget-container\">\n\t\t\t\t\t\t\t\t\t<p>Puede controlar y\/o eliminar las cookies seg\u00fan sus preferencias. Para m\u00e1s informaci\u00f3n sobre c\u00f3mo hacerlo, consulte la secci\u00f3n de ayuda de su navegador. Tenga en cuenta que al deshabilitar las cookies, es posible que algunas funciones de nuestro sitio no est\u00e9n disponibles y que su experiencia de navegaci\u00f3n se vea afectada.<\/p>\t\t\t\t\t\t\t\t<\/div>\n\t\t\t\t<\/div>\n\t\t\t\t\t<\/div>\n\t\t<\/div>\n\t\t\t\t\t<\/div>\n\t\t<\/section>\n\t\t\t\t<section class=\"elementor-section elementor-top-section elementor-element elementor-element-2593295 elementor-section-boxed elementor-section-height-default elementor-section-height-default\" data-id=\"2593295\" data-element_type=\"section\">\n\t\t\t\t\t\t<div class=\"elementor-container elementor-column-gap-default\">\n\t\t\t\t\t<div class=\"elementor-column elementor-col-50 elementor-top-column elementor-element elementor-element-328257b\" data-id=\"328257b\" data-element_type=\"column\">\n\t\t\t<div class=\"elementor-widget-wrap elementor-element-populated\">\n\t\t\t\t\t\t<div class=\"elementor-element elementor-element-f1409fc elementor-widget elementor-widget-heading\" data-id=\"f1409fc\" data-element_type=\"widget\" data-widget_type=\"heading.default\">\n\t\t\t\t<div class=\"elementor-widget-container\">\n\t\t\t\t\t<h2 class=\"elementor-heading-title elementor-size-default\">Cambios en nuestra pol\u00edtica de cookies<\/h2>\t\t\t\t<\/div>\n\t\t\t\t<\/div>\n\t\t\t\t\t<\/div>\n\t\t<\/div>\n\t\t\t\t<div class=\"elementor-column elementor-col-50 elementor-top-column elementor-element elementor-element-519b4f2\" data-id=\"519b4f2\" data-element_type=\"column\">\n\t\t\t<div class=\"elementor-widget-wrap elementor-element-populated\">\n\t\t\t\t\t\t<div class=\"elementor-element elementor-element-3e10013 elementor-widget elementor-widget-text-editor\" data-id=\"3e10013\" data-element_type=\"widget\" data-widget_type=\"text-editor.default\">\n\t\t\t\t<div class=\"elementor-widget-container\">\n\t\t\t\t\t\t\t\t\t<p>Nos reservamos el derecho de modificar esta pol\u00edtica de cookies en cualquier momento. Le animamos a que revise esta pol\u00edtica regularmente para estar al tanto de cualquier cambio.<\/p>\t\t\t\t\t\t\t\t<\/div>\n\t\t\t\t<\/div>\n\t\t\t\t\t<\/div>\n\t\t<\/div>\n\t\t\t\t\t<\/div>\n\t\t<\/section>\n\t\t\t\t<section class=\"elementor-section elementor-top-section elementor-element elementor-element-10d4249 elementor-section-boxed elementor-section-height-default elementor-section-height-default\" data-id=\"10d4249\" data-element_type=\"section\">\n\t\t\t\t\t\t<div class=\"elementor-container elementor-column-gap-default\">\n\t\t\t\t\t<div class=\"elementor-column elementor-col-50 elementor-top-column elementor-element elementor-element-f8c1a11\" data-id=\"f8c1a11\" data-element_type=\"column\">\n\t\t\t<div class=\"elementor-widget-wrap elementor-element-populated\">\n\t\t\t\t\t\t<div class=\"elementor-element elementor-element-a1c8dc9 elementor-widget elementor-widget-heading\" data-id=\"a1c8dc9\" data-element_type=\"widget\" data-widget_type=\"heading.default\">\n\t\t\t\t<div class=\"elementor-widget-container\">\n\t\t\t\t\t<h2 class=\"elementor-heading-title elementor-size-default\">Preguntas y comentarios<\/h2>\t\t\t\t<\/div>\n\t\t\t\t<\/div>\n\t\t\t\t\t<\/div>\n\t\t<\/div>\n\t\t\t\t<div class=\"elementor-column elementor-col-50 elementor-top-column elementor-element elementor-element-85c8bbb\" data-id=\"85c8bbb\" data-element_type=\"column\">\n\t\t\t<div class=\"elementor-widget-wrap elementor-element-populated\">\n\t\t\t\t\t\t<div class=\"elementor-element elementor-element-aad1a71 elementor-widget elementor-widget-text-editor\" data-id=\"aad1a71\" data-element_type=\"widget\" data-widget_type=\"text-editor.default\">\n\t\t\t\t<div class=\"elementor-widget-container\">\n\t\t\t\t\t\t\t\t\t<p>Si tiene alguna duda o comentario acerca de nuestra pol\u00edtica de cookies, no dude en ponerse en contacto con nosotros. Estaremos encantados de ayudarte.<\/p>\t\t\t\t\t\t\t\t<\/div>\n\t\t\t\t<\/div>\n\t\t\t\t\t<\/div>\n\t\t<\/div>\n\t\t\t\t\t<\/div>\n\t\t<\/section>\n\t\t\t\t<section class=\"elementor-section elementor-top-section elementor-element elementor-element-699285e elementor-section-boxed elementor-section-height-default elementor-section-height-default\" data-id=\"699285e\" data-element_type=\"section\">\n\t\t\t\t\t\t<div class=\"elementor-container elementor-column-gap-default\">\n\t\t\t\t\t<div class=\"elementor-column elementor-col-50 elementor-top-column elementor-element elementor-element-9897e15\" data-id=\"9897e15\" data-element_type=\"column\">\n\t\t\t<div class=\"elementor-widget-wrap elementor-element-populated\">\n\t\t\t\t\t\t<div class=\"elementor-element elementor-element-e8bd1a3 elementor-widget elementor-widget-heading\" data-id=\"e8bd1a3\" data-element_type=\"widget\" data-widget_type=\"heading.default\">\n\t\t\t\t<div class=\"elementor-widget-container\">\n\t\t\t\t\t<h2 class=\"elementor-heading-title elementor-size-default\">Aceptaci\u00f3n de la pol\u00edtica de cookies<\/h2>\t\t\t\t<\/div>\n\t\t\t\t<\/div>\n\t\t\t\t\t<\/div>\n\t\t<\/div>\n\t\t\t\t<div class=\"elementor-column elementor-col-50 elementor-top-column elementor-element elementor-element-97ac1bc\" data-id=\"97ac1bc\" data-element_type=\"column\">\n\t\t\t<div class=\"elementor-widget-wrap elementor-element-populated\">\n\t\t\t\t\t\t<div class=\"elementor-element elementor-element-9fdbf7c elementor-widget elementor-widget-text-editor\" data-id=\"9fdbf7c\" data-element_type=\"widget\" data-widget_type=\"text-editor.default\">\n\t\t\t\t<div class=\"elementor-widget-container\">\n\t\t\t\t\t\t\t\t\t<p>Al utilizar nuestro sitio web, acepta nuestra pol\u00edtica de cookies y el uso de cookies como se describe en esta pol\u00edtica. Si no est\u00e1 de acuerdo con esta pol\u00edtica, debe dejar de usar nuestro sitio web o ajustar la configuraci\u00f3n de cookies en su navegador.<\/p>\t\t\t\t\t\t\t\t<\/div>\n\t\t\t\t<\/div>\n\t\t\t\t\t<\/div>\n\t\t<\/div>\n\t\t\t\t\t<\/div>\n\t\t<\/section>\n\t\t\t\t<section class=\"elementor-section elementor-top-section elementor-element elementor-element-7948366 elementor-section-boxed elementor-section-height-default elementor-section-height-default\" data-id=\"7948366\" data-element_type=\"section\">\n\t\t\t\t\t\t<div class=\"elementor-container elementor-column-gap-default\">\n\t\t\t\t\t<div class=\"elementor-column elementor-col-100 elementor-top-column elementor-element elementor-element-5b093d2\" data-id=\"5b093d2\" data-element_type=\"column\">\n\t\t\t<div class=\"elementor-widget-wrap elementor-element-populated\">\n\t\t\t\t\t\t<div class=\"elementor-element elementor-element-2b0ad81 elementor-widget elementor-widget-text-editor\" data-id=\"2b0ad81\" data-element_type=\"widget\" data-widget_type=\"text-editor.default\">\n\t\t\t\t<div class=\"elementor-widget-container\">\n\t\t\t\t\t\t\t\t\t<h4>Gracias por visitar nuestro sitio web y confiar en nosotros para mejorar su experiencia de navegaci\u00f3n.<\/h4>\t\t\t\t\t\t\t\t<\/div>\n\t\t\t\t<\/div>\n\t\t\t\t\t<\/div>\n\t\t<\/div>\n\t\t\t\t\t<\/div>\n\t\t<\/section>\n\t\t\t\t<\/div>\n\t\t","protected":false},"excerpt":{"rendered":"<p>Pol\u00edtica de cookies Nuestro sitio utiliza cookies para mejorar la experiencia del usuario y proporcionar contenido personalizado. Al continuar navegando por nuestro sitio, acepta el uso de cookies. \u00bfQu\u00e9 son las cookies? Las cookies son peque\u00f1os archivos de texto que se almacenan en el dispositivo del usuario cuando visita una p\u00e1gina web. Estos archivos permiten&hellip; <a class=\"more-link\" href=\"https:\/\/cabinetglobaldefense.com\/es\/politique-de-cookies\/\">Seguir leyendo <span class=\"screen-reader-text\">Politique de Cookies<\/span><\/a><\/p>\n","protected":false},"author":1,"featured_media":0,"parent":0,"menu_order":0,"comment_status":"closed","ping_status":"closed","template":"elementor_header_footer","meta":{"footnotes":""},"class_list":["post-1041","page","type-page","status-publish","hentry","entry"],"yoast_head":"<!-- This site is optimized with the Yoast SEO plugin v26.2 - https:\/\/yoast.com\/wordpress\/plugins\/seo\/ -->\n<title>Politique de Cookies - Cabinet Global Defense<\/title>\n<meta name=\"robots\" content=\"index, follow, max-snippet:-1, max-image-preview:large, max-video-preview:-1\" \/>\n<link rel=\"canonical\" href=\"https:\/\/cabinetglobaldefense.com\/es\/politique-de-cookies\/\" \/>\n<meta property=\"og:locale\" content=\"es_ES\" \/>\n<meta property=\"og:type\" content=\"article\" \/>\n<meta property=\"og:title\" content=\"Politique de Cookies - Cabinet Global Defense\" \/>\n<meta property=\"og:description\" content=\"Pol\u00edtica de cookies Nuestro sitio utiliza cookies para mejorar la experiencia del usuario y proporcionar contenido personalizado. Al continuar navegando por nuestro sitio, acepta el uso de cookies. \u00bfQu\u00e9 son las cookies? Las cookies son peque\u00f1os archivos de texto que se almacenan en el dispositivo del usuario cuando visita una p\u00e1gina web. Estos archivos permiten&hellip; Seguir leyendo Politique de Cookies\" \/>\n<meta property=\"og:url\" content=\"https:\/\/cabinetglobaldefense.com\/es\/politique-de-cookies\/\" \/>\n<meta property=\"og:site_name\" content=\"Cabinet Global Defense\" \/>\n<meta property=\"article:modified_time\" content=\"2025-06-09T08:59:46+00:00\" \/>\n<meta name=\"twitter:card\" content=\"summary_large_image\" \/>\n<meta name=\"twitter:label1\" content=\"Tiempo de lectura\" \/>\n\t<meta name=\"twitter:data1\" content=\"3 minutos\" \/>\n<script type=\"application\/ld+json\" class=\"yoast-schema-graph\">{\"@context\":\"https:\/\/schema.org\",\"@graph\":[{\"@type\":\"WebPage\",\"@id\":\"https:\/\/cabinetglobaldefense.com\/es\/politique-de-cookies\/\",\"url\":\"https:\/\/cabinetglobaldefense.com\/es\/politique-de-cookies\/\",\"name\":\"Politique de Cookies - Cabinet Global Defense\",\"isPartOf\":{\"@id\":\"https:\/\/cabinetglobaldefense.com\/#website\"},\"datePublished\":\"2023-02-13T08:44:09+00:00\",\"dateModified\":\"2025-06-09T08:59:46+00:00\",\"breadcrumb\":{\"@id\":\"https:\/\/cabinetglobaldefense.com\/es\/politique-de-cookies\/#breadcrumb\"},\"inLanguage\":\"es\",\"potentialAction\":[{\"@type\":\"ReadAction\",\"target\":[\"https:\/\/cabinetglobaldefense.com\/es\/politique-de-cookies\/\"]}]},{\"@type\":\"BreadcrumbList\",\"@id\":\"https:\/\/cabinetglobaldefense.com\/es\/politique-de-cookies\/#breadcrumb\",\"itemListElement\":[{\"@type\":\"ListItem\",\"position\":1,\"name\":\"Portada\",\"item\":\"https:\/\/cabinetglobaldefense.com\/es\/\"},{\"@type\":\"ListItem\",\"position\":2,\"name\":\"Politique de Cookies\"}]},{\"@type\":\"WebSite\",\"@id\":\"https:\/\/cabinetglobaldefense.com\/#website\",\"url\":\"https:\/\/cabinetglobaldefense.com\/\",\"name\":\"Cabinet Global Defense\",\"description\":\"LAWYERS WITH A GLOBAL REPUTATION\",\"publisher\":{\"@id\":\"https:\/\/cabinetglobaldefense.com\/#organization\"},\"potentialAction\":[{\"@type\":\"SearchAction\",\"target\":{\"@type\":\"EntryPoint\",\"urlTemplate\":\"https:\/\/cabinetglobaldefense.com\/?s={search_term_string}\"},\"query-input\":{\"@type\":\"PropertyValueSpecification\",\"valueRequired\":true,\"valueName\":\"search_term_string\"}}],\"inLanguage\":\"es\"},{\"@type\":\"Organization\",\"@id\":\"https:\/\/cabinetglobaldefense.com\/#organization\",\"name\":\"Cabinet Global Defense\",\"alternateName\":\"Avocat francophone Barcelone\",\"url\":\"https:\/\/cabinetglobaldefense.com\/\",\"logo\":{\"@type\":\"ImageObject\",\"inLanguage\":\"es\",\"@id\":\"https:\/\/cabinetglobaldefense.com\/#\/schema\/logo\/image\/\",\"url\":\"https:\/\/cabinetglobaldefense.com\/wp-content\/uploads\/2023\/02\/cropped-logo-head-300x55-1.png\",\"contentUrl\":\"https:\/\/cabinetglobaldefense.com\/wp-content\/uploads\/2023\/02\/cropped-logo-head-300x55-1.png\",\"width\":300,\"height\":55,\"caption\":\"Cabinet Global Defense\"},\"image\":{\"@id\":\"https:\/\/cabinetglobaldefense.com\/#\/schema\/logo\/image\/\"}}]}<\/script>\n<!-- \/ Yoast SEO plugin. -->","yoast_head_json":{"title":"Politique de Cookies - Cabinet Global Defense","robots":{"index":"index","follow":"follow","max-snippet":"max-snippet:-1","max-image-preview":"max-image-preview:large","max-video-preview":"max-video-preview:-1"},"canonical":"https:\/\/cabinetglobaldefense.com\/es\/politique-de-cookies\/","og_locale":"es_ES","og_type":"article","og_title":"Politique de Cookies - Cabinet Global Defense","og_description":"Pol\u00edtica de cookies Nuestro sitio utiliza cookies para mejorar la experiencia del usuario y proporcionar contenido personalizado. Al continuar navegando por nuestro sitio, acepta el uso de cookies. \u00bfQu\u00e9 son las cookies? Las cookies son peque\u00f1os archivos de texto que se almacenan en el dispositivo del usuario cuando visita una p\u00e1gina web. Estos archivos permiten&hellip; Seguir leyendo Politique de Cookies","og_url":"https:\/\/cabinetglobaldefense.com\/es\/politique-de-cookies\/","og_site_name":"Cabinet Global Defense","article_modified_time":"2025-06-09T08:59:46+00:00","twitter_card":"summary_large_image","twitter_misc":{"Tiempo de lectura":"3 minutos"},"schema":{"@context":"https:\/\/schema.org","@graph":[{"@type":"WebPage","@id":"https:\/\/cabinetglobaldefense.com\/es\/politique-de-cookies\/","url":"https:\/\/cabinetglobaldefense.com\/es\/politique-de-cookies\/","name":"Politique de Cookies - Cabinet Global Defense","isPartOf":{"@id":"https:\/\/cabinetglobaldefense.com\/#website"},"datePublished":"2023-02-13T08:44:09+00:00","dateModified":"2025-06-09T08:59:46+00:00","breadcrumb":{"@id":"https:\/\/cabinetglobaldefense.com\/es\/politique-de-cookies\/#breadcrumb"},"inLanguage":"es","potentialAction":[{"@type":"ReadAction","target":["https:\/\/cabinetglobaldefense.com\/es\/politique-de-cookies\/"]}]},{"@type":"BreadcrumbList","@id":"https:\/\/cabinetglobaldefense.com\/es\/politique-de-cookies\/#breadcrumb","itemListElement":[{"@type":"ListItem","position":1,"name":"Portada","item":"https:\/\/cabinetglobaldefense.com\/es\/"},{"@type":"ListItem","position":2,"name":"Politique de Cookies"}]},{"@type":"WebSite","@id":"https:\/\/cabinetglobaldefense.com\/#website","url":"https:\/\/cabinetglobaldefense.com\/","name":"Cabinet Global Defense","description":"LAWYERS WITH A GLOBAL REPUTATION","publisher":{"@id":"https:\/\/cabinetglobaldefense.com\/#organization"},"potentialAction":[{"@type":"SearchAction","target":{"@type":"EntryPoint","urlTemplate":"https:\/\/cabinetglobaldefense.com\/?s={search_term_string}"},"query-input":{"@type":"PropertyValueSpecification","valueRequired":true,"valueName":"search_term_string"}}],"inLanguage":"es"},{"@type":"Organization","@id":"https:\/\/cabinetglobaldefense.com\/#organization","name":"Cabinet Global Defense","alternateName":"Avocat francophone Barcelone","url":"https:\/\/cabinetglobaldefense.com\/","logo":{"@type":"ImageObject","inLanguage":"es","@id":"https:\/\/cabinetglobaldefense.com\/#\/schema\/logo\/image\/","url":"https:\/\/cabinetglobaldefense.com\/wp-content\/uploads\/2023\/02\/cropped-logo-head-300x55-1.png","contentUrl":"https:\/\/cabinetglobaldefense.com\/wp-content\/uploads\/2023\/02\/cropped-logo-head-300x55-1.png","width":300,"height":55,"caption":"Cabinet Global Defense"},"image":{"@id":"https:\/\/cabinetglobaldefense.com\/#\/schema\/logo\/image\/"}}]}},"_links":{"self":[{"href":"https:\/\/cabinetglobaldefense.com\/es\/wp-json\/wp\/v2\/pages\/1041","targetHints":{"allow":["GET"]}}],"collection":[{"href":"https:\/\/cabinetglobaldefense.com\/es\/wp-json\/wp\/v2\/pages"}],"about":[{"href":"https:\/\/cabinetglobaldefense.com\/es\/wp-json\/wp\/v2\/types\/page"}],"author":[{"embeddable":true,"href":"https:\/\/cabinetglobaldefense.com\/es\/wp-json\/wp\/v2\/users\/1"}],"replies":[{"embeddable":true,"href":"https:\/\/cabinetglobaldefense.com\/es\/wp-json\/wp\/v2\/comments?post=1041"}],"version-history":[{"count":10,"href":"https:\/\/cabinetglobaldefense.com\/es\/wp-json\/wp\/v2\/pages\/1041\/revisions"}],"predecessor-version":[{"id":1871,"href":"https:\/\/cabinetglobaldefense.com\/es\/wp-json\/wp\/v2\/pages\/1041\/revisions\/1871"}],"wp:attachment":[{"href":"https:\/\/cabinetglobaldefense.com\/es\/wp-json\/wp\/v2\/media?parent=1041"}],"curies":[{"name":"wp","href":"https:\/\/api.w.org\/{rel}","templated":true}]}}