{"id":1042,"date":"2023-02-10T12:42:22","date_gmt":"2023-02-10T12:42:22","guid":{"rendered":"https:\/\/cabinetglobaldefense.com\/politique-de-cookies\/"},"modified":"2025-06-09T08:58:36","modified_gmt":"2025-06-09T08:58:36","slug":"politica-de-privacidad","status":"publish","type":"page","link":"https:\/\/cabinetglobaldefense.com\/es\/politica-de-privacidad\/","title":{"rendered":"Pol\u00edtica de Privacidad"},"content":{"rendered":"\t\t<div data-elementor-type=\"wp-post\" data-elementor-id=\"1042\" class=\"elementor elementor-1042 elementor-434\" data-elementor-post-type=\"page\">\n\t\t\t\t\t\t<section class=\"elementor-section elementor-top-section elementor-element elementor-element-5c33f74b elementor-section-height-min-height elementor-section-boxed elementor-section-height-default elementor-section-items-middle\" data-id=\"5c33f74b\" data-element_type=\"section\" data-settings=\"{&quot;background_background&quot;:&quot;classic&quot;}\">\n\t\t\t\t\t\t<div class=\"elementor-container elementor-column-gap-default\">\n\t\t\t\t\t<div class=\"elementor-column elementor-col-100 elementor-top-column elementor-element elementor-element-4e0e7163\" data-id=\"4e0e7163\" data-element_type=\"column\">\n\t\t\t<div class=\"elementor-widget-wrap elementor-element-populated\">\n\t\t\t\t\t\t<div class=\"elementor-element elementor-element-2b71092d elementor-widget elementor-widget-heading\" data-id=\"2b71092d\" data-element_type=\"widget\" data-widget_type=\"heading.default\">\n\t\t\t\t<div class=\"elementor-widget-container\">\n\t\t\t\t\t<h1 class=\"elementor-heading-title elementor-size-default\">Pol\u00edtica de privacidad<\/h1>\t\t\t\t<\/div>\n\t\t\t\t<\/div>\n\t\t\t\t\t<\/div>\n\t\t<\/div>\n\t\t\t\t\t<\/div>\n\t\t<\/section>\n\t\t\t\t<section class=\"elementor-section elementor-top-section elementor-element elementor-element-e13ba3f elementor-section-boxed elementor-section-height-default elementor-section-height-default\" data-id=\"e13ba3f\" data-element_type=\"section\">\n\t\t\t\t\t\t<div class=\"elementor-container elementor-column-gap-default\">\n\t\t\t\t\t<div class=\"elementor-column elementor-col-50 elementor-top-column elementor-element elementor-element-e577ee4\" data-id=\"e577ee4\" data-element_type=\"column\">\n\t\t\t<div class=\"elementor-widget-wrap elementor-element-populated\">\n\t\t\t\t\t\t<div class=\"elementor-element elementor-element-82d4cb0 elementor-widget elementor-widget-heading\" data-id=\"82d4cb0\" data-element_type=\"widget\" data-widget_type=\"heading.default\">\n\t\t\t\t<div class=\"elementor-widget-container\">\n\t\t\t\t\t<h2 class=\"elementor-heading-title elementor-size-default\">Qui nous sommes<\/h2>\t\t\t\t<\/div>\n\t\t\t\t<\/div>\n\t\t\t\t\t<\/div>\n\t\t<\/div>\n\t\t\t\t<div class=\"elementor-column elementor-col-50 elementor-top-column elementor-element elementor-element-8b23d3d\" data-id=\"8b23d3d\" data-element_type=\"column\">\n\t\t\t<div class=\"elementor-widget-wrap elementor-element-populated\">\n\t\t\t\t\t\t<div class=\"elementor-element elementor-element-2466b89 elementor-widget elementor-widget-text-editor\" data-id=\"2466b89\" data-element_type=\"widget\" data-widget_type=\"text-editor.default\">\n\t\t\t\t<div class=\"elementor-widget-container\">\n\t\t\t\t\t\t\t\t\t<p>En nuestro bufete de abogados franc\u00f3fonos en Espa\u00f1a, nos dedicamos a ofrecer servicios jur\u00eddicos de alta calidad y con un enfoque personalizado. Nuestro equipo de abogados altamente capacitados est\u00e1 comprometido con la defensa de los derechos e intereses de nuestros clientes en el marco de la legalidad y la \u00e9tica profesional.<\/p><p>Con una amplia experiencia en el \u00e1mbito del derecho espa\u00f1ol y europeo, nos especializamos en diversas \u00e1reas legales, desde el derecho civil y comercial hasta la propiedad intelectual y la protecci\u00f3n de datos. Nos esforzamos por mantenernos actualizados sobre las \u00faltimas tendencias y desarrollos en el \u00e1mbito legal, con el objetivo de brindar un asesoramiento legal innovador y eficaz a nuestros clientes.<\/p><p>En nuestro bufete, consideramos que la privacidad es un derecho fundamental y esencial para la libertad individual. Por eso, nos comprometemos a proteger y respetar la privacidad de nuestros clientes en todo momento, cumpliendo con todas las leyes y regulaciones aplicables.<\/p>\t\t\t\t\t\t\t\t<\/div>\n\t\t\t\t<\/div>\n\t\t\t\t\t<\/div>\n\t\t<\/div>\n\t\t\t\t\t<\/div>\n\t\t<\/section>\n\t\t\t\t<section class=\"elementor-section elementor-top-section elementor-element elementor-element-10d4249 elementor-section-boxed elementor-section-height-default elementor-section-height-default\" data-id=\"10d4249\" data-element_type=\"section\">\n\t\t\t\t\t\t<div class=\"elementor-container elementor-column-gap-default\">\n\t\t\t\t\t<div class=\"elementor-column elementor-col-50 elementor-top-column elementor-element elementor-element-f8c1a11\" data-id=\"f8c1a11\" data-element_type=\"column\">\n\t\t\t<div class=\"elementor-widget-wrap elementor-element-populated\">\n\t\t\t\t\t\t<div class=\"elementor-element elementor-element-a1c8dc9 elementor-widget elementor-widget-heading\" data-id=\"a1c8dc9\" data-element_type=\"widget\" data-widget_type=\"heading.default\">\n\t\t\t\t<div class=\"elementor-widget-container\">\n\t\t\t\t\t<h2 class=\"elementor-heading-title elementor-size-default\">Preguntas y comentarios<\/h2>\t\t\t\t<\/div>\n\t\t\t\t<\/div>\n\t\t\t\t\t<\/div>\n\t\t<\/div>\n\t\t\t\t<div class=\"elementor-column elementor-col-50 elementor-top-column elementor-element elementor-element-85c8bbb\" data-id=\"85c8bbb\" data-element_type=\"column\">\n\t\t\t<div class=\"elementor-widget-wrap elementor-element-populated\">\n\t\t\t\t\t\t<div class=\"elementor-element elementor-element-aad1a71 elementor-widget elementor-widget-text-editor\" data-id=\"aad1a71\" data-element_type=\"widget\" data-widget_type=\"text-editor.default\">\n\t\t\t\t<div class=\"elementor-widget-container\">\n\t\t\t\t\t\t\t\t\t<p>Si tiene alguna pregunta o comentario sobre nuestra Pol\u00edtica de Privacidad, no dude en ponerse en contacto con nosotros. Estaremos encantados de ayudarte.<\/p>\t\t\t\t\t\t\t\t<\/div>\n\t\t\t\t<\/div>\n\t\t\t\t\t<\/div>\n\t\t<\/div>\n\t\t\t\t\t<\/div>\n\t\t<\/section>\n\t\t\t\t<section class=\"elementor-section elementor-top-section elementor-element elementor-element-7948366 elementor-section-boxed elementor-section-height-default elementor-section-height-default\" data-id=\"7948366\" data-element_type=\"section\">\n\t\t\t\t\t\t<div class=\"elementor-container elementor-column-gap-default\">\n\t\t\t\t\t<div class=\"elementor-column elementor-col-100 elementor-top-column elementor-element elementor-element-5b093d2\" data-id=\"5b093d2\" data-element_type=\"column\">\n\t\t\t<div class=\"elementor-widget-wrap elementor-element-populated\">\n\t\t\t\t\t\t<div class=\"elementor-element elementor-element-2b0ad81 elementor-widget elementor-widget-text-editor\" data-id=\"2b0ad81\" data-element_type=\"widget\" data-widget_type=\"text-editor.default\">\n\t\t\t\t<div class=\"elementor-widget-container\">\n\t\t\t\t\t\t\t\t\t<h4>Merci de visiter notre site Web et de nous faire confiance pour am\u00e9liorer votre exp\u00e9rience de navigation.<\/h4>\t\t\t\t\t\t\t\t<\/div>\n\t\t\t\t<\/div>\n\t\t\t\t\t<\/div>\n\t\t<\/div>\n\t\t\t\t\t<\/div>\n\t\t<\/section>\n\t\t\t\t<\/div>\n\t\t","protected":false},"excerpt":{"rendered":"<p>Pol\u00edtica de privacidad Qui nous sommes En nuestro bufete de abogados franc\u00f3fonos en Espa\u00f1a, nos dedicamos a ofrecer servicios jur\u00eddicos de alta calidad y con un enfoque personalizado. Nuestro equipo de abogados altamente capacitados est\u00e1 comprometido con la defensa de los derechos e intereses de nuestros clientes en el marco de la legalidad y la&hellip; <a class=\"more-link\" href=\"https:\/\/cabinetglobaldefense.com\/es\/politica-de-privacidad\/\">Seguir leyendo <span class=\"screen-reader-text\">Pol\u00edtica de Privacidad<\/span><\/a><\/p>\n","protected":false},"author":1,"featured_media":0,"parent":0,"menu_order":0,"comment_status":"closed","ping_status":"closed","template":"elementor_header_footer","meta":{"footnotes":""},"class_list":["post-1042","page","type-page","status-publish","hentry","entry"],"yoast_head":"<!-- This site is optimized with the Yoast SEO plugin v26.2 - https:\/\/yoast.com\/wordpress\/plugins\/seo\/ -->\n<title>Pol\u00edtica de Privacidad - Cabinet Global Defense<\/title>\n<meta name=\"robots\" content=\"index, follow, max-snippet:-1, max-image-preview:large, max-video-preview:-1\" \/>\n<link rel=\"canonical\" href=\"https:\/\/cabinetglobaldefense.com\/es\/politica-de-privacidad\/\" \/>\n<meta property=\"og:locale\" content=\"es_ES\" \/>\n<meta property=\"og:type\" content=\"article\" \/>\n<meta property=\"og:title\" content=\"Pol\u00edtica de Privacidad - Cabinet Global Defense\" \/>\n<meta property=\"og:description\" content=\"Pol\u00edtica de privacidad Qui nous sommes En nuestro bufete de abogados franc\u00f3fonos en Espa\u00f1a, nos dedicamos a ofrecer servicios jur\u00eddicos de alta calidad y con un enfoque personalizado. Nuestro equipo de abogados altamente capacitados est\u00e1 comprometido con la defensa de los derechos e intereses de nuestros clientes en el marco de la legalidad y la&hellip; Seguir leyendo Pol\u00edtica de Privacidad\" \/>\n<meta property=\"og:url\" content=\"https:\/\/cabinetglobaldefense.com\/es\/politica-de-privacidad\/\" \/>\n<meta property=\"og:site_name\" content=\"Cabinet Global Defense\" \/>\n<meta property=\"article:modified_time\" content=\"2025-06-09T08:58:36+00:00\" \/>\n<meta name=\"twitter:card\" content=\"summary_large_image\" \/>\n<meta name=\"twitter:label1\" content=\"Tiempo de lectura\" \/>\n\t<meta name=\"twitter:data1\" content=\"1 minuto\" \/>\n<script type=\"application\/ld+json\" class=\"yoast-schema-graph\">{\"@context\":\"https:\/\/schema.org\",\"@graph\":[{\"@type\":\"WebPage\",\"@id\":\"https:\/\/cabinetglobaldefense.com\/es\/politica-de-privacidad\/\",\"url\":\"https:\/\/cabinetglobaldefense.com\/es\/politica-de-privacidad\/\",\"name\":\"Pol\u00edtica de Privacidad - Cabinet Global Defense\",\"isPartOf\":{\"@id\":\"https:\/\/cabinetglobaldefense.com\/#website\"},\"datePublished\":\"2023-02-10T12:42:22+00:00\",\"dateModified\":\"2025-06-09T08:58:36+00:00\",\"breadcrumb\":{\"@id\":\"https:\/\/cabinetglobaldefense.com\/es\/politica-de-privacidad\/#breadcrumb\"},\"inLanguage\":\"es\",\"potentialAction\":[{\"@type\":\"ReadAction\",\"target\":[\"https:\/\/cabinetglobaldefense.com\/es\/politica-de-privacidad\/\"]}]},{\"@type\":\"BreadcrumbList\",\"@id\":\"https:\/\/cabinetglobaldefense.com\/es\/politica-de-privacidad\/#breadcrumb\",\"itemListElement\":[{\"@type\":\"ListItem\",\"position\":1,\"name\":\"Portada\",\"item\":\"https:\/\/cabinetglobaldefense.com\/es\/\"},{\"@type\":\"ListItem\",\"position\":2,\"name\":\"Pol\u00edtica de Privacidad\"}]},{\"@type\":\"WebSite\",\"@id\":\"https:\/\/cabinetglobaldefense.com\/#website\",\"url\":\"https:\/\/cabinetglobaldefense.com\/\",\"name\":\"Cabinet Global Defense\",\"description\":\"LAWYERS WITH A GLOBAL REPUTATION\",\"publisher\":{\"@id\":\"https:\/\/cabinetglobaldefense.com\/#organization\"},\"potentialAction\":[{\"@type\":\"SearchAction\",\"target\":{\"@type\":\"EntryPoint\",\"urlTemplate\":\"https:\/\/cabinetglobaldefense.com\/?s={search_term_string}\"},\"query-input\":{\"@type\":\"PropertyValueSpecification\",\"valueRequired\":true,\"valueName\":\"search_term_string\"}}],\"inLanguage\":\"es\"},{\"@type\":\"Organization\",\"@id\":\"https:\/\/cabinetglobaldefense.com\/#organization\",\"name\":\"Cabinet Global Defense\",\"alternateName\":\"Avocat francophone Barcelone\",\"url\":\"https:\/\/cabinetglobaldefense.com\/\",\"logo\":{\"@type\":\"ImageObject\",\"inLanguage\":\"es\",\"@id\":\"https:\/\/cabinetglobaldefense.com\/#\/schema\/logo\/image\/\",\"url\":\"https:\/\/cabinetglobaldefense.com\/wp-content\/uploads\/2023\/02\/cropped-logo-head-300x55-1.png\",\"contentUrl\":\"https:\/\/cabinetglobaldefense.com\/wp-content\/uploads\/2023\/02\/cropped-logo-head-300x55-1.png\",\"width\":300,\"height\":55,\"caption\":\"Cabinet Global Defense\"},\"image\":{\"@id\":\"https:\/\/cabinetglobaldefense.com\/#\/schema\/logo\/image\/\"}}]}<\/script>\n<!-- \/ Yoast SEO plugin. -->","yoast_head_json":{"title":"Pol\u00edtica de Privacidad - Cabinet Global Defense","robots":{"index":"index","follow":"follow","max-snippet":"max-snippet:-1","max-image-preview":"max-image-preview:large","max-video-preview":"max-video-preview:-1"},"canonical":"https:\/\/cabinetglobaldefense.com\/es\/politica-de-privacidad\/","og_locale":"es_ES","og_type":"article","og_title":"Pol\u00edtica de Privacidad - Cabinet Global Defense","og_description":"Pol\u00edtica de privacidad Qui nous sommes En nuestro bufete de abogados franc\u00f3fonos en Espa\u00f1a, nos dedicamos a ofrecer servicios jur\u00eddicos de alta calidad y con un enfoque personalizado. Nuestro equipo de abogados altamente capacitados est\u00e1 comprometido con la defensa de los derechos e intereses de nuestros clientes en el marco de la legalidad y la&hellip; Seguir leyendo Pol\u00edtica de Privacidad","og_url":"https:\/\/cabinetglobaldefense.com\/es\/politica-de-privacidad\/","og_site_name":"Cabinet Global Defense","article_modified_time":"2025-06-09T08:58:36+00:00","twitter_card":"summary_large_image","twitter_misc":{"Tiempo de lectura":"1 minuto"},"schema":{"@context":"https:\/\/schema.org","@graph":[{"@type":"WebPage","@id":"https:\/\/cabinetglobaldefense.com\/es\/politica-de-privacidad\/","url":"https:\/\/cabinetglobaldefense.com\/es\/politica-de-privacidad\/","name":"Pol\u00edtica de Privacidad - Cabinet Global Defense","isPartOf":{"@id":"https:\/\/cabinetglobaldefense.com\/#website"},"datePublished":"2023-02-10T12:42:22+00:00","dateModified":"2025-06-09T08:58:36+00:00","breadcrumb":{"@id":"https:\/\/cabinetglobaldefense.com\/es\/politica-de-privacidad\/#breadcrumb"},"inLanguage":"es","potentialAction":[{"@type":"ReadAction","target":["https:\/\/cabinetglobaldefense.com\/es\/politica-de-privacidad\/"]}]},{"@type":"BreadcrumbList","@id":"https:\/\/cabinetglobaldefense.com\/es\/politica-de-privacidad\/#breadcrumb","itemListElement":[{"@type":"ListItem","position":1,"name":"Portada","item":"https:\/\/cabinetglobaldefense.com\/es\/"},{"@type":"ListItem","position":2,"name":"Pol\u00edtica de Privacidad"}]},{"@type":"WebSite","@id":"https:\/\/cabinetglobaldefense.com\/#website","url":"https:\/\/cabinetglobaldefense.com\/","name":"Cabinet Global Defense","description":"LAWYERS WITH A GLOBAL REPUTATION","publisher":{"@id":"https:\/\/cabinetglobaldefense.com\/#organization"},"potentialAction":[{"@type":"SearchAction","target":{"@type":"EntryPoint","urlTemplate":"https:\/\/cabinetglobaldefense.com\/?s={search_term_string}"},"query-input":{"@type":"PropertyValueSpecification","valueRequired":true,"valueName":"search_term_string"}}],"inLanguage":"es"},{"@type":"Organization","@id":"https:\/\/cabinetglobaldefense.com\/#organization","name":"Cabinet Global Defense","alternateName":"Avocat francophone Barcelone","url":"https:\/\/cabinetglobaldefense.com\/","logo":{"@type":"ImageObject","inLanguage":"es","@id":"https:\/\/cabinetglobaldefense.com\/#\/schema\/logo\/image\/","url":"https:\/\/cabinetglobaldefense.com\/wp-content\/uploads\/2023\/02\/cropped-logo-head-300x55-1.png","contentUrl":"https:\/\/cabinetglobaldefense.com\/wp-content\/uploads\/2023\/02\/cropped-logo-head-300x55-1.png","width":300,"height":55,"caption":"Cabinet Global Defense"},"image":{"@id":"https:\/\/cabinetglobaldefense.com\/#\/schema\/logo\/image\/"}}]}},"_links":{"self":[{"href":"https:\/\/cabinetglobaldefense.com\/es\/wp-json\/wp\/v2\/pages\/1042","targetHints":{"allow":["GET"]}}],"collection":[{"href":"https:\/\/cabinetglobaldefense.com\/es\/wp-json\/wp\/v2\/pages"}],"about":[{"href":"https:\/\/cabinetglobaldefense.com\/es\/wp-json\/wp\/v2\/types\/page"}],"author":[{"embeddable":true,"href":"https:\/\/cabinetglobaldefense.com\/es\/wp-json\/wp\/v2\/users\/1"}],"replies":[{"embeddable":true,"href":"https:\/\/cabinetglobaldefense.com\/es\/wp-json\/wp\/v2\/comments?post=1042"}],"version-history":[{"count":10,"href":"https:\/\/cabinetglobaldefense.com\/es\/wp-json\/wp\/v2\/pages\/1042\/revisions"}],"predecessor-version":[{"id":1868,"href":"https:\/\/cabinetglobaldefense.com\/es\/wp-json\/wp\/v2\/pages\/1042\/revisions\/1868"}],"wp:attachment":[{"href":"https:\/\/cabinetglobaldefense.com\/es\/wp-json\/wp\/v2\/media?parent=1042"}],"curies":[{"name":"wp","href":"https:\/\/api.w.org\/{rel}","templated":true}]}}