{"id":1043,"date":"2023-02-09T12:38:47","date_gmt":"2023-02-09T12:38:47","guid":{"rendered":"https:\/\/cabinetglobaldefense.com\/pedro-c-carbajo\/"},"modified":"2025-06-09T09:00:56","modified_gmt":"2025-06-09T09:00:56","slug":"pedro-c-carbajo","status":"publish","type":"page","link":"https:\/\/cabinetglobaldefense.com\/es\/pedro-c-carbajo\/","title":{"rendered":"Pedro C. Carbajo"},"content":{"rendered":"\t\t<div data-elementor-type=\"wp-post\" data-elementor-id=\"1043\" class=\"elementor elementor-1043 elementor-262\" data-elementor-post-type=\"page\">\n\t\t\t\t\t\t<section class=\"elementor-section elementor-top-section elementor-element elementor-element-47ef7910 elementor-section-height-min-height elementor-section-boxed elementor-section-height-default elementor-section-items-middle\" data-id=\"47ef7910\" data-element_type=\"section\" data-settings=\"{&quot;background_background&quot;:&quot;classic&quot;}\">\n\t\t\t\t\t\t<div class=\"elementor-container elementor-column-gap-default\">\n\t\t\t\t\t<div class=\"elementor-column elementor-col-100 elementor-top-column elementor-element elementor-element-3a5a2d8f\" data-id=\"3a5a2d8f\" data-element_type=\"column\">\n\t\t\t<div class=\"elementor-widget-wrap elementor-element-populated\">\n\t\t\t\t\t\t<div class=\"elementor-element elementor-element-38b666fa elementor-widget elementor-widget-text-editor\" data-id=\"38b666fa\" data-element_type=\"widget\" data-widget_type=\"text-editor.default\">\n\t\t\t\t<div class=\"elementor-widget-container\">\n\t\t\t\t\t\t\t\t\t<p>Economista Forense (REFOR)<\/p>\t\t\t\t\t\t\t\t<\/div>\n\t\t\t\t<\/div>\n\t\t\t\t<div class=\"elementor-element elementor-element-16bf2653 elementor-widget elementor-widget-heading\" data-id=\"16bf2653\" data-element_type=\"widget\" data-widget_type=\"heading.default\">\n\t\t\t\t<div class=\"elementor-widget-container\">\n\t\t\t\t\t<h1 class=\"elementor-heading-title elementor-size-default\">Mr. Pedro C. CARBAJO CORT\u00c9S<\/h1>\t\t\t\t<\/div>\n\t\t\t\t<\/div>\n\t\t\t\t\t<\/div>\n\t\t<\/div>\n\t\t\t\t\t<\/div>\n\t\t<\/section>\n\t\t\t\t<section class=\"elementor-section elementor-top-section elementor-element elementor-element-12eff6f elementor-section-boxed elementor-section-height-default elementor-section-height-default\" data-id=\"12eff6f\" data-element_type=\"section\">\n\t\t\t\t\t\t<div class=\"elementor-container elementor-column-gap-default\">\n\t\t\t\t\t<div class=\"elementor-column elementor-col-100 elementor-top-column elementor-element elementor-element-175290d\" data-id=\"175290d\" data-element_type=\"column\">\n\t\t\t<div class=\"elementor-widget-wrap elementor-element-populated\">\n\t\t\t\t\t\t<div class=\"elementor-element elementor-element-7f7860d elementor-widget elementor-widget-heading\" data-id=\"7f7860d\" data-element_type=\"widget\" data-widget_type=\"heading.default\">\n\t\t\t\t<div class=\"elementor-widget-container\">\n\t\t\t\t\t<h4 class=\"elementor-heading-title elementor-size-default\">M&amp;A Consultor MBA \u2013 Asesor Fiscal<\/h4>\t\t\t\t<\/div>\n\t\t\t\t<\/div>\n\t\t\t\t\t<\/div>\n\t\t<\/div>\n\t\t\t\t\t<\/div>\n\t\t<\/section>\n\t\t\t\t<section class=\"elementor-section elementor-top-section elementor-element elementor-element-57402cbc elementor-section-boxed elementor-section-height-default elementor-section-height-default\" data-id=\"57402cbc\" data-element_type=\"section\">\n\t\t\t\t\t\t<div class=\"elementor-container elementor-column-gap-default\">\n\t\t\t\t\t<div class=\"elementor-column elementor-col-50 elementor-top-column elementor-element elementor-element-1c989402\" data-id=\"1c989402\" data-element_type=\"column\">\n\t\t\t<div class=\"elementor-widget-wrap elementor-element-populated\">\n\t\t\t\t\t\t<div class=\"elementor-element elementor-element-8390f9b elementor-widget elementor-widget-heading\" data-id=\"8390f9b\" data-element_type=\"widget\" data-widget_type=\"heading.default\">\n\t\t\t\t<div class=\"elementor-widget-container\">\n\t\t\t\t\t<h2 class=\"elementor-heading-title elementor-size-default\">Formaci\u00f3n<\/h2>\t\t\t\t<\/div>\n\t\t\t\t<\/div>\n\t\t\t\t\t<\/div>\n\t\t<\/div>\n\t\t\t\t<div class=\"elementor-column elementor-col-50 elementor-top-column elementor-element elementor-element-268f9a08\" data-id=\"268f9a08\" data-element_type=\"column\">\n\t\t\t<div class=\"elementor-widget-wrap elementor-element-populated\">\n\t\t\t\t\t\t<div class=\"elementor-element elementor-element-4eedb596 elementor-widget elementor-widget-text-editor\" data-id=\"4eedb596\" data-element_type=\"widget\" data-widget_type=\"text-editor.default\">\n\t\t\t\t<div class=\"elementor-widget-container\">\n\t\t\t\t\t\t\t\t\t<ul><li>Licenciado en Econ\u00f3micas por la Universidad de Barcelona.<\/li><li>Grado Superior en Fiscalidad Internacional, Grado Superior en Finanzas Corporativas, Fusiones y Adquisiciones de empresas.<\/li><\/ul>\t\t\t\t\t\t\t\t<\/div>\n\t\t\t\t<\/div>\n\t\t\t\t\t<\/div>\n\t\t<\/div>\n\t\t\t\t\t<\/div>\n\t\t<\/section>\n\t\t\t\t<section class=\"elementor-section elementor-top-section elementor-element elementor-element-50483b5 elementor-section-boxed elementor-section-height-default elementor-section-height-default\" data-id=\"50483b5\" data-element_type=\"section\">\n\t\t\t\t\t\t<div class=\"elementor-container elementor-column-gap-default\">\n\t\t\t\t\t<div class=\"elementor-column elementor-col-50 elementor-top-column elementor-element elementor-element-8bb353b\" data-id=\"8bb353b\" data-element_type=\"column\">\n\t\t\t<div class=\"elementor-widget-wrap elementor-element-populated\">\n\t\t\t\t\t\t<div class=\"elementor-element elementor-element-2726cbf elementor-widget elementor-widget-heading\" data-id=\"2726cbf\" data-element_type=\"widget\" data-widget_type=\"heading.default\">\n\t\t\t\t<div class=\"elementor-widget-container\">\n\t\t\t\t\t<h2 class=\"elementor-heading-title elementor-size-default\">Experiencia<\/h2>\t\t\t\t<\/div>\n\t\t\t\t<\/div>\n\t\t\t\t\t<\/div>\n\t\t<\/div>\n\t\t\t\t<div class=\"elementor-column elementor-col-50 elementor-top-column elementor-element elementor-element-1a8c336\" data-id=\"1a8c336\" data-element_type=\"column\">\n\t\t\t<div class=\"elementor-widget-wrap elementor-element-populated\">\n\t\t\t\t\t\t<div class=\"elementor-element elementor-element-36a8c21 elementor-widget elementor-widget-text-editor\" data-id=\"36a8c21\" data-element_type=\"widget\" data-widget_type=\"text-editor.default\">\n\t\t\t\t<div class=\"elementor-widget-container\">\n\t\t\t\t\t\t\t\t\t<ul><li>Miembro del Colegio de Economistas de Catalu\u00f1a.<\/li><li>Inscrito en el Registro de Economistas Forenses (REFOR).<\/li><li>Registro de Economistas Asesores Fiscales (REAF).<\/li><li>Y miembro de la Asociaci\u00f3n Catalana de Contabilidad y Direcci\u00f3n \u201cAssociaci\u00f3 Catalana de Contabilitat i Direcci\u00f3\u201d o ACCID.<\/li><\/ul>\t\t\t\t\t\t\t\t<\/div>\n\t\t\t\t<\/div>\n\t\t\t\t\t<\/div>\n\t\t<\/div>\n\t\t\t\t\t<\/div>\n\t\t<\/section>\n\t\t\t\t<section class=\"elementor-section elementor-top-section elementor-element elementor-element-248dbfc elementor-section-boxed elementor-section-height-default elementor-section-height-default\" data-id=\"248dbfc\" data-element_type=\"section\">\n\t\t\t\t\t\t<div class=\"elementor-container elementor-column-gap-default\">\n\t\t\t\t\t<div class=\"elementor-column elementor-col-50 elementor-top-column elementor-element elementor-element-b17902a\" data-id=\"b17902a\" data-element_type=\"column\">\n\t\t\t<div class=\"elementor-widget-wrap elementor-element-populated\">\n\t\t\t\t\t\t<div class=\"elementor-element elementor-element-3a54415 elementor-widget elementor-widget-heading\" data-id=\"3a54415\" data-element_type=\"widget\" data-widget_type=\"heading.default\">\n\t\t\t\t<div class=\"elementor-widget-container\">\n\t\t\t\t\t<h2 class=\"elementor-heading-title elementor-size-default\">Lenguas<\/h2>\t\t\t\t<\/div>\n\t\t\t\t<\/div>\n\t\t\t\t\t<\/div>\n\t\t<\/div>\n\t\t\t\t<div class=\"elementor-column elementor-col-50 elementor-top-column elementor-element elementor-element-e309906\" data-id=\"e309906\" data-element_type=\"column\">\n\t\t\t<div class=\"elementor-widget-wrap elementor-element-populated\">\n\t\t\t\t\t\t<div class=\"elementor-element elementor-element-c3031c6 elementor-widget elementor-widget-text-editor\" data-id=\"c3031c6\" data-element_type=\"widget\" data-widget_type=\"text-editor.default\">\n\t\t\t\t<div class=\"elementor-widget-container\">\n\t\t\t\t\t\t\t\t\t<ul><li>Biling\u00fce Espa\u00f1ol (Castellano)- Catal\u00e1n<\/li><li>Ingl\u00e9s flu\u00eddo.<\/li><\/ul>\t\t\t\t\t\t\t\t<\/div>\n\t\t\t\t<\/div>\n\t\t\t\t\t<\/div>\n\t\t<\/div>\n\t\t\t\t\t<\/div>\n\t\t<\/section>\n\t\t\t\t<section class=\"elementor-section elementor-top-section elementor-element elementor-element-e8464d6 elementor-section-boxed elementor-section-height-default elementor-section-height-default\" data-id=\"e8464d6\" data-element_type=\"section\">\n\t\t\t\t\t\t<div class=\"elementor-container elementor-column-gap-default\">\n\t\t\t\t\t<div class=\"elementor-column elementor-col-50 elementor-top-column elementor-element elementor-element-e995a33\" data-id=\"e995a33\" data-element_type=\"column\">\n\t\t\t<div class=\"elementor-widget-wrap elementor-element-populated\">\n\t\t\t\t\t\t<div class=\"elementor-element elementor-element-d3ebd1a elementor-widget elementor-widget-heading\" data-id=\"d3ebd1a\" data-element_type=\"widget\" data-widget_type=\"heading.default\">\n\t\t\t\t<div class=\"elementor-widget-container\">\n\t\t\t\t\t<h2 class=\"elementor-heading-title elementor-size-default\">Econom\u00eda forense - Valoraci\u00f3n de hechos econ\u00f3micos y financieros<\/h2>\t\t\t\t<\/div>\n\t\t\t\t<\/div>\n\t\t\t\t\t<\/div>\n\t\t<\/div>\n\t\t\t\t<div class=\"elementor-column elementor-col-50 elementor-top-column elementor-element elementor-element-6207ceb\" data-id=\"6207ceb\" data-element_type=\"column\">\n\t\t\t<div class=\"elementor-widget-wrap elementor-element-populated\">\n\t\t\t\t\t\t<div class=\"elementor-element elementor-element-e3899ea elementor-widget elementor-widget-text-editor\" data-id=\"e3899ea\" data-element_type=\"widget\" data-widget_type=\"text-editor.default\">\n\t\t\t\t<div class=\"elementor-widget-container\">\n\t\t\t\t\t\t\t\t\t<ul><li>Da\u00f1os y lucro cesante<\/li><li>Delitos de enriquecimiento (hurto, fraude, insolvencia punible)<\/li><li>Delitos de la empresa<\/li><li>Delitos contra la Hacienda P\u00fablica Espa\u00f1ola (Hacienda P\u00fablica)<\/li><li>Delitos contra la Seguridad Social espa\u00f1ola<\/li><li>Valoraci\u00f3n de Empresas y Activos<\/li><li>An\u00e1lisis de operaciones financieras<\/li><li>Contratos de compra-venta, distribuciones y seguros<\/li><\/ul>\t\t\t\t\t\t\t\t<\/div>\n\t\t\t\t<\/div>\n\t\t\t\t\t<\/div>\n\t\t<\/div>\n\t\t\t\t\t<\/div>\n\t\t<\/section>\n\t\t\t\t<section class=\"elementor-section elementor-top-section elementor-element elementor-element-5d54201 elementor-section-boxed elementor-section-height-default elementor-section-height-default\" data-id=\"5d54201\" data-element_type=\"section\">\n\t\t\t\t\t\t<div class=\"elementor-container elementor-column-gap-default\">\n\t\t\t\t\t<div class=\"elementor-column elementor-col-50 elementor-top-column elementor-element elementor-element-ace147a\" data-id=\"ace147a\" data-element_type=\"column\">\n\t\t\t<div class=\"elementor-widget-wrap elementor-element-populated\">\n\t\t\t\t\t\t<div class=\"elementor-element elementor-element-411b436 elementor-widget elementor-widget-heading\" data-id=\"411b436\" data-element_type=\"widget\" data-widget_type=\"heading.default\">\n\t\t\t\t<div class=\"elementor-widget-container\">\n\t\t\t\t\t<h2 class=\"elementor-heading-title elementor-size-default\">Estrategia y operaciones<\/h2>\t\t\t\t<\/div>\n\t\t\t\t<\/div>\n\t\t\t\t\t<\/div>\n\t\t<\/div>\n\t\t\t\t<div class=\"elementor-column elementor-col-50 elementor-top-column elementor-element elementor-element-8cc770c\" data-id=\"8cc770c\" data-element_type=\"column\">\n\t\t\t<div class=\"elementor-widget-wrap elementor-element-populated\">\n\t\t\t\t\t\t<div class=\"elementor-element elementor-element-d4767e3 elementor-widget elementor-widget-text-editor\" data-id=\"d4767e3\" data-element_type=\"widget\" data-widget_type=\"text-editor.default\">\n\t\t\t\t<div class=\"elementor-widget-container\">\n\t\t\t\t\t\t\t\t\t<ul><li>Biling\u00fce Espa\u00f1ol (Castellano)- Catal\u00e1n<br \/>Ingl\u00e9s flu\u00eddo.<\/li><li>Compra-venta de negocios: valoraci\u00f3n de negocios, estructuras, tr\u00e1mites,<\/li><li>Due Diligences, fiscalidad, negociaci\u00f3n, formalizaci\u00f3n de convenios, cartas y contratos.<\/li><li>Inversiones: Control y gesti\u00f3n de inversiones<\/li><li>Protecci\u00f3n de directores (gerentes), gerentes y socios<\/li><li>Trading en Andorra: Asesoramiento y gesti\u00f3n de inversiones en Andorra<\/li><\/ul>\t\t\t\t\t\t\t\t<\/div>\n\t\t\t\t<\/div>\n\t\t\t\t\t<\/div>\n\t\t<\/div>\n\t\t\t\t\t<\/div>\n\t\t<\/section>\n\t\t\t\t<section class=\"elementor-section elementor-top-section elementor-element elementor-element-b016734 elementor-section-boxed elementor-section-height-default elementor-section-height-default\" data-id=\"b016734\" data-element_type=\"section\">\n\t\t\t\t\t\t<div class=\"elementor-container elementor-column-gap-default\">\n\t\t\t\t\t<div class=\"elementor-column elementor-col-50 elementor-top-column elementor-element elementor-element-422aacb\" data-id=\"422aacb\" data-element_type=\"column\">\n\t\t\t<div class=\"elementor-widget-wrap elementor-element-populated\">\n\t\t\t\t\t\t<div class=\"elementor-element elementor-element-a9eb86b elementor-widget elementor-widget-heading\" data-id=\"a9eb86b\" data-element_type=\"widget\" data-widget_type=\"heading.default\">\n\t\t\t\t<div class=\"elementor-widget-container\">\n\t\t\t\t\t<h2 class=\"elementor-heading-title elementor-size-default\">Fiscalidad Internacional<\/h2>\t\t\t\t<\/div>\n\t\t\t\t<\/div>\n\t\t\t\t\t<\/div>\n\t\t<\/div>\n\t\t\t\t<div class=\"elementor-column elementor-col-50 elementor-top-column elementor-element elementor-element-4a6a714\" data-id=\"4a6a714\" data-element_type=\"column\">\n\t\t\t<div class=\"elementor-widget-wrap elementor-element-populated\">\n\t\t\t\t\t\t<div class=\"elementor-element elementor-element-56654f6 elementor-widget elementor-widget-text-editor\" data-id=\"56654f6\" data-element_type=\"widget\" data-widget_type=\"text-editor.default\">\n\t\t\t\t<div class=\"elementor-widget-container\">\n\t\t\t\t\t\t\t\t\t<ul><li>Asesoramiento y planificaci\u00f3n fiscal<\/li><li>Dise\u00f1o de estructuras fiscales<\/li><li>Reestructuraciones y reorganizaciones societarias Asesor especializado en grupos empresariales, multinacionales<\/li><\/ul>\t\t\t\t\t\t\t\t<\/div>\n\t\t\t\t<\/div>\n\t\t\t\t\t<\/div>\n\t\t<\/div>\n\t\t\t\t\t<\/div>\n\t\t<\/section>\n\t\t\t\t<section class=\"elementor-section elementor-top-section elementor-element elementor-element-10896183 elementor-section-height-min-height elementor-hidden-desktop elementor-hidden-tablet elementor-hidden-mobile elementor-section-boxed elementor-section-height-default elementor-section-items-middle\" data-id=\"10896183\" data-element_type=\"section\" data-settings=\"{&quot;background_background&quot;:&quot;classic&quot;}\">\n\t\t\t\t\t\t\t<div class=\"elementor-background-overlay\"><\/div>\n\t\t\t\t\t\t\t<div class=\"elementor-container elementor-column-gap-default\">\n\t\t\t\t\t<div class=\"elementor-column elementor-col-100 elementor-top-column elementor-element elementor-element-b96c818\" data-id=\"b96c818\" data-element_type=\"column\">\n\t\t\t<div class=\"elementor-widget-wrap elementor-element-populated\">\n\t\t\t\t\t\t<div class=\"elementor-element elementor-element-37afc9df elementor-widget elementor-widget-heading\" data-id=\"37afc9df\" data-element_type=\"widget\" data-widget_type=\"heading.default\">\n\t\t\t\t<div class=\"elementor-widget-container\">\n\t\t\t\t\t<h2 class=\"elementor-heading-title elementor-size-default\">Vous m\u00e9ritez le meilleur\nAvocats de la D\u00e9fense<\/h2>\t\t\t\t<\/div>\n\t\t\t\t<\/div>\n\t\t\t\t<div class=\"elementor-element elementor-element-62cc9848 elementor-widget elementor-widget-text-editor\" data-id=\"62cc9848\" data-element_type=\"widget\" data-widget_type=\"text-editor.default\">\n\t\t\t\t<div class=\"elementor-widget-container\">\n\t\t\t\t\t\t\t\t\t<p class=\"p1\"><span class=\"s1\">over 20 years of law experience<\/span><\/p>\t\t\t\t\t\t\t\t<\/div>\n\t\t\t\t<\/div>\n\t\t\t\t<div class=\"elementor-element elementor-element-2feae981 elementor-align-center elementor-widget elementor-widget-button\" data-id=\"2feae981\" data-element_type=\"widget\" data-widget_type=\"button.default\">\n\t\t\t\t<div class=\"elementor-widget-container\">\n\t\t\t\t\t\t\t\t\t<div class=\"elementor-button-wrapper\">\n\t\t\t\t\t<a class=\"elementor-button elementor-button-link elementor-size-md\" href=\"\/contact\">\n\t\t\t\t\t\t<span class=\"elementor-button-content-wrapper\">\n\t\t\t\t\t\t<span class=\"elementor-button-icon\">\n\t\t\t\t<i aria-hidden=\"true\" class=\"fas fa-long-arrow-alt-right\"><\/i>\t\t\t<\/span>\n\t\t\t\t\t\t\t\t\t<span class=\"elementor-button-text\">Contact<\/span>\n\t\t\t\t\t<\/span>\n\t\t\t\t\t<\/a>\n\t\t\t\t<\/div>\n\t\t\t\t\t\t\t\t<\/div>\n\t\t\t\t<\/div>\n\t\t\t\t\t<\/div>\n\t\t<\/div>\n\t\t\t\t\t<\/div>\n\t\t<\/section>\n\t\t\t\t<\/div>\n\t\t","protected":false},"excerpt":{"rendered":"<p>Economista Forense (REFOR) Mr. Pedro C. CARBAJO CORT\u00c9S M&amp;A Consultor MBA \u2013 Asesor Fiscal Formaci\u00f3n Licenciado en Econ\u00f3micas por la Universidad de Barcelona. Grado Superior en Fiscalidad Internacional, Grado Superior en Finanzas Corporativas, Fusiones y Adquisiciones de empresas. Experiencia Miembro del Colegio de Economistas de Catalu\u00f1a. Inscrito en el Registro de Economistas Forenses (REFOR). Registro&hellip; <a class=\"more-link\" href=\"https:\/\/cabinetglobaldefense.com\/es\/pedro-c-carbajo\/\">Seguir leyendo <span class=\"screen-reader-text\">Pedro C. Carbajo<\/span><\/a><\/p>\n","protected":false},"author":1,"featured_media":0,"parent":0,"menu_order":0,"comment_status":"closed","ping_status":"closed","template":"elementor_header_footer","meta":{"footnotes":""},"class_list":["post-1043","page","type-page","status-publish","hentry","entry"],"yoast_head":"<!-- This site is optimized with the Yoast SEO plugin v26.2 - https:\/\/yoast.com\/wordpress\/plugins\/seo\/ -->\n<title>Pedro C. Carbajo - Cabinet Global Defense<\/title>\n<meta name=\"robots\" content=\"index, follow, max-snippet:-1, max-image-preview:large, max-video-preview:-1\" \/>\n<link rel=\"canonical\" href=\"https:\/\/cabinetglobaldefense.com\/es\/pedro-c-carbajo\/\" \/>\n<meta property=\"og:locale\" content=\"es_ES\" \/>\n<meta property=\"og:type\" content=\"article\" \/>\n<meta property=\"og:title\" content=\"Pedro C. Carbajo - Cabinet Global Defense\" \/>\n<meta property=\"og:description\" content=\"Economista Forense (REFOR) Mr. Pedro C. CARBAJO CORT\u00c9S M&amp;A Consultor MBA \u2013 Asesor Fiscal Formaci\u00f3n Licenciado en Econ\u00f3micas por la Universidad de Barcelona. Grado Superior en Fiscalidad Internacional, Grado Superior en Finanzas Corporativas, Fusiones y Adquisiciones de empresas. Experiencia Miembro del Colegio de Economistas de Catalu\u00f1a. Inscrito en el Registro de Economistas Forenses (REFOR). Registro&hellip; Seguir leyendo Pedro C. Carbajo\" \/>\n<meta property=\"og:url\" content=\"https:\/\/cabinetglobaldefense.com\/es\/pedro-c-carbajo\/\" \/>\n<meta property=\"og:site_name\" content=\"Cabinet Global Defense\" \/>\n<meta property=\"article:modified_time\" content=\"2025-06-09T09:00:56+00:00\" \/>\n<meta name=\"twitter:card\" content=\"summary_large_image\" \/>\n<meta name=\"twitter:label1\" content=\"Tiempo de lectura\" \/>\n\t<meta name=\"twitter:data1\" content=\"2 minutos\" \/>\n<script type=\"application\/ld+json\" class=\"yoast-schema-graph\">{\"@context\":\"https:\/\/schema.org\",\"@graph\":[{\"@type\":\"WebPage\",\"@id\":\"https:\/\/cabinetglobaldefense.com\/es\/pedro-c-carbajo\/\",\"url\":\"https:\/\/cabinetglobaldefense.com\/es\/pedro-c-carbajo\/\",\"name\":\"Pedro C. Carbajo - Cabinet Global Defense\",\"isPartOf\":{\"@id\":\"https:\/\/cabinetglobaldefense.com\/#website\"},\"datePublished\":\"2023-02-09T12:38:47+00:00\",\"dateModified\":\"2025-06-09T09:00:56+00:00\",\"breadcrumb\":{\"@id\":\"https:\/\/cabinetglobaldefense.com\/es\/pedro-c-carbajo\/#breadcrumb\"},\"inLanguage\":\"es\",\"potentialAction\":[{\"@type\":\"ReadAction\",\"target\":[\"https:\/\/cabinetglobaldefense.com\/es\/pedro-c-carbajo\/\"]}]},{\"@type\":\"BreadcrumbList\",\"@id\":\"https:\/\/cabinetglobaldefense.com\/es\/pedro-c-carbajo\/#breadcrumb\",\"itemListElement\":[{\"@type\":\"ListItem\",\"position\":1,\"name\":\"Portada\",\"item\":\"https:\/\/cabinetglobaldefense.com\/es\/\"},{\"@type\":\"ListItem\",\"position\":2,\"name\":\"Pedro C. Carbajo\"}]},{\"@type\":\"WebSite\",\"@id\":\"https:\/\/cabinetglobaldefense.com\/#website\",\"url\":\"https:\/\/cabinetglobaldefense.com\/\",\"name\":\"Cabinet Global Defense\",\"description\":\"LAWYERS WITH A GLOBAL REPUTATION\",\"publisher\":{\"@id\":\"https:\/\/cabinetglobaldefense.com\/#organization\"},\"potentialAction\":[{\"@type\":\"SearchAction\",\"target\":{\"@type\":\"EntryPoint\",\"urlTemplate\":\"https:\/\/cabinetglobaldefense.com\/?s={search_term_string}\"},\"query-input\":{\"@type\":\"PropertyValueSpecification\",\"valueRequired\":true,\"valueName\":\"search_term_string\"}}],\"inLanguage\":\"es\"},{\"@type\":\"Organization\",\"@id\":\"https:\/\/cabinetglobaldefense.com\/#organization\",\"name\":\"Cabinet Global Defense\",\"alternateName\":\"Avocat francophone Barcelone\",\"url\":\"https:\/\/cabinetglobaldefense.com\/\",\"logo\":{\"@type\":\"ImageObject\",\"inLanguage\":\"es\",\"@id\":\"https:\/\/cabinetglobaldefense.com\/#\/schema\/logo\/image\/\",\"url\":\"https:\/\/cabinetglobaldefense.com\/wp-content\/uploads\/2023\/02\/cropped-logo-head-300x55-1.png\",\"contentUrl\":\"https:\/\/cabinetglobaldefense.com\/wp-content\/uploads\/2023\/02\/cropped-logo-head-300x55-1.png\",\"width\":300,\"height\":55,\"caption\":\"Cabinet Global Defense\"},\"image\":{\"@id\":\"https:\/\/cabinetglobaldefense.com\/#\/schema\/logo\/image\/\"}}]}<\/script>\n<!-- \/ Yoast SEO plugin. -->","yoast_head_json":{"title":"Pedro C. Carbajo - Cabinet Global Defense","robots":{"index":"index","follow":"follow","max-snippet":"max-snippet:-1","max-image-preview":"max-image-preview:large","max-video-preview":"max-video-preview:-1"},"canonical":"https:\/\/cabinetglobaldefense.com\/es\/pedro-c-carbajo\/","og_locale":"es_ES","og_type":"article","og_title":"Pedro C. Carbajo - Cabinet Global Defense","og_description":"Economista Forense (REFOR) Mr. Pedro C. CARBAJO CORT\u00c9S M&amp;A Consultor MBA \u2013 Asesor Fiscal Formaci\u00f3n Licenciado en Econ\u00f3micas por la Universidad de Barcelona. Grado Superior en Fiscalidad Internacional, Grado Superior en Finanzas Corporativas, Fusiones y Adquisiciones de empresas. Experiencia Miembro del Colegio de Economistas de Catalu\u00f1a. Inscrito en el Registro de Economistas Forenses (REFOR). Registro&hellip; Seguir leyendo Pedro C. Carbajo","og_url":"https:\/\/cabinetglobaldefense.com\/es\/pedro-c-carbajo\/","og_site_name":"Cabinet Global Defense","article_modified_time":"2025-06-09T09:00:56+00:00","twitter_card":"summary_large_image","twitter_misc":{"Tiempo de lectura":"2 minutos"},"schema":{"@context":"https:\/\/schema.org","@graph":[{"@type":"WebPage","@id":"https:\/\/cabinetglobaldefense.com\/es\/pedro-c-carbajo\/","url":"https:\/\/cabinetglobaldefense.com\/es\/pedro-c-carbajo\/","name":"Pedro C. Carbajo - Cabinet Global Defense","isPartOf":{"@id":"https:\/\/cabinetglobaldefense.com\/#website"},"datePublished":"2023-02-09T12:38:47+00:00","dateModified":"2025-06-09T09:00:56+00:00","breadcrumb":{"@id":"https:\/\/cabinetglobaldefense.com\/es\/pedro-c-carbajo\/#breadcrumb"},"inLanguage":"es","potentialAction":[{"@type":"ReadAction","target":["https:\/\/cabinetglobaldefense.com\/es\/pedro-c-carbajo\/"]}]},{"@type":"BreadcrumbList","@id":"https:\/\/cabinetglobaldefense.com\/es\/pedro-c-carbajo\/#breadcrumb","itemListElement":[{"@type":"ListItem","position":1,"name":"Portada","item":"https:\/\/cabinetglobaldefense.com\/es\/"},{"@type":"ListItem","position":2,"name":"Pedro C. Carbajo"}]},{"@type":"WebSite","@id":"https:\/\/cabinetglobaldefense.com\/#website","url":"https:\/\/cabinetglobaldefense.com\/","name":"Cabinet Global Defense","description":"LAWYERS WITH A GLOBAL REPUTATION","publisher":{"@id":"https:\/\/cabinetglobaldefense.com\/#organization"},"potentialAction":[{"@type":"SearchAction","target":{"@type":"EntryPoint","urlTemplate":"https:\/\/cabinetglobaldefense.com\/?s={search_term_string}"},"query-input":{"@type":"PropertyValueSpecification","valueRequired":true,"valueName":"search_term_string"}}],"inLanguage":"es"},{"@type":"Organization","@id":"https:\/\/cabinetglobaldefense.com\/#organization","name":"Cabinet Global Defense","alternateName":"Avocat francophone Barcelone","url":"https:\/\/cabinetglobaldefense.com\/","logo":{"@type":"ImageObject","inLanguage":"es","@id":"https:\/\/cabinetglobaldefense.com\/#\/schema\/logo\/image\/","url":"https:\/\/cabinetglobaldefense.com\/wp-content\/uploads\/2023\/02\/cropped-logo-head-300x55-1.png","contentUrl":"https:\/\/cabinetglobaldefense.com\/wp-content\/uploads\/2023\/02\/cropped-logo-head-300x55-1.png","width":300,"height":55,"caption":"Cabinet Global Defense"},"image":{"@id":"https:\/\/cabinetglobaldefense.com\/#\/schema\/logo\/image\/"}}]}},"_links":{"self":[{"href":"https:\/\/cabinetglobaldefense.com\/es\/wp-json\/wp\/v2\/pages\/1043","targetHints":{"allow":["GET"]}}],"collection":[{"href":"https:\/\/cabinetglobaldefense.com\/es\/wp-json\/wp\/v2\/pages"}],"about":[{"href":"https:\/\/cabinetglobaldefense.com\/es\/wp-json\/wp\/v2\/types\/page"}],"author":[{"embeddable":true,"href":"https:\/\/cabinetglobaldefense.com\/es\/wp-json\/wp\/v2\/users\/1"}],"replies":[{"embeddable":true,"href":"https:\/\/cabinetglobaldefense.com\/es\/wp-json\/wp\/v2\/comments?post=1043"}],"version-history":[{"count":16,"href":"https:\/\/cabinetglobaldefense.com\/es\/wp-json\/wp\/v2\/pages\/1043\/revisions"}],"predecessor-version":[{"id":1880,"href":"https:\/\/cabinetglobaldefense.com\/es\/wp-json\/wp\/v2\/pages\/1043\/revisions\/1880"}],"wp:attachment":[{"href":"https:\/\/cabinetglobaldefense.com\/es\/wp-json\/wp\/v2\/media?parent=1043"}],"curies":[{"name":"wp","href":"https:\/\/api.w.org\/{rel}","templated":true}]}}