{"id":1047,"date":"2023-02-08T09:50:12","date_gmt":"2023-02-08T09:50:12","guid":{"rendered":"https:\/\/cabinetglobaldefense.com\/honorarie-davocat-en-espagne\/"},"modified":"2025-06-09T08:46:58","modified_gmt":"2025-06-09T08:46:58","slug":"abogado-honorario-en-espana","status":"publish","type":"page","link":"https:\/\/cabinetglobaldefense.com\/es\/abogado-honorario-en-espana\/","title":{"rendered":"Honorarios"},"content":{"rendered":"\t\t<div data-elementor-type=\"wp-post\" data-elementor-id=\"1047\" class=\"elementor elementor-1047 elementor-47\" data-elementor-post-type=\"page\">\n\t\t\t\t\t\t<section class=\"elementor-section elementor-top-section elementor-element elementor-element-5ed20551 elementor-section-height-min-height elementor-section-boxed elementor-section-height-default elementor-section-items-middle\" data-id=\"5ed20551\" data-element_type=\"section\" data-settings=\"{&quot;background_background&quot;:&quot;classic&quot;}\">\n\t\t\t\t\t\t<div class=\"elementor-container elementor-column-gap-default\">\n\t\t\t\t\t<div class=\"elementor-column elementor-col-100 elementor-top-column elementor-element elementor-element-5cda4747\" data-id=\"5cda4747\" data-element_type=\"column\">\n\t\t\t<div class=\"elementor-widget-wrap elementor-element-populated\">\n\t\t\t\t\t\t<div class=\"elementor-element elementor-element-4c675bcc elementor-widget elementor-widget-heading\" data-id=\"4c675bcc\" data-element_type=\"widget\" data-widget_type=\"heading.default\">\n\t\t\t\t<div class=\"elementor-widget-container\">\n\t\t\t\t\t<h1 class=\"elementor-heading-title elementor-size-default\">Pol\u00edtica de tarifas<\/h1>\t\t\t\t<\/div>\n\t\t\t\t<\/div>\n\t\t\t\t\t<\/div>\n\t\t<\/div>\n\t\t\t\t\t<\/div>\n\t\t<\/section>\n\t\t\t\t<section class=\"elementor-section elementor-top-section elementor-element elementor-element-e9c9dd7 elementor-reverse-tablet elementor-reverse-mobile elementor-section-boxed elementor-section-height-default elementor-section-height-default\" data-id=\"e9c9dd7\" data-element_type=\"section\">\n\t\t\t\t\t\t<div class=\"elementor-container elementor-column-gap-default\">\n\t\t\t\t\t<div class=\"elementor-column elementor-col-100 elementor-top-column elementor-element elementor-element-66455b2\" data-id=\"66455b2\" data-element_type=\"column\">\n\t\t\t<div class=\"elementor-widget-wrap elementor-element-populated\">\n\t\t\t\t\t\t<div class=\"elementor-element elementor-element-e87976e elementor-widget elementor-widget-heading\" data-id=\"e87976e\" data-element_type=\"widget\" data-widget_type=\"heading.default\">\n\t\t\t\t<div class=\"elementor-widget-container\">\n\t\t\t\t\t<h2 class=\"elementor-heading-title elementor-size-default\">Honorarios de abogados<\/h2>\t\t\t\t<\/div>\n\t\t\t\t<\/div>\n\t\t\t\t<div class=\"elementor-element elementor-element-2259846 elementor-widget elementor-widget-text-editor\" data-id=\"2259846\" data-element_type=\"widget\" data-widget_type=\"text-editor.default\">\n\t\t\t\t<div class=\"elementor-widget-container\">\n\t\t\t\t\t\t\t\t\t<p>Los honorarios de un abogado pueden parecer misteriosos para los no iniciados. Nuestra firma se esfuerza por ser transparente y explica aqu\u00ed su pol\u00edtica de honorarios profesionales.<\/p><p>En consecuencia, los honorarios se ofrecen al cliente junto con un sistema b\u00e1sico de pago de los mismos, junto con los costes asociados al servicio jur\u00eddico determinado.<\/p><p>As\u00ed, se redacta claramente un contrato de servicios con el cliente, indicando el sistema de tarifas, el m\u00e9todo de c\u00e1lculo de la tarifa y la facturaci\u00f3n que luego se realizar\u00e1 de acuerdo con los gastos.<\/p><p>Hay dos posibles sistemas de tarifas: tarifa horaria y tarifa plana.<\/p>\t\t\t\t\t\t\t\t<\/div>\n\t\t\t\t<\/div>\n\t\t\t\t\t<\/div>\n\t\t<\/div>\n\t\t\t\t\t<\/div>\n\t\t<\/section>\n\t\t\t\t<section class=\"elementor-section elementor-top-section elementor-element elementor-element-724f889c elementor-section-boxed elementor-section-height-default elementor-section-height-default\" data-id=\"724f889c\" data-element_type=\"section\">\n\t\t\t\t\t\t<div class=\"elementor-container elementor-column-gap-default\">\n\t\t\t\t\t<div class=\"elementor-column elementor-col-50 elementor-top-column elementor-element elementor-element-4e41b254\" data-id=\"4e41b254\" data-element_type=\"column\">\n\t\t\t<div class=\"elementor-widget-wrap elementor-element-populated\">\n\t\t\t\t\t\t<div class=\"elementor-element elementor-element-6477409f elementor-widget elementor-widget-heading\" data-id=\"6477409f\" data-element_type=\"widget\" data-widget_type=\"heading.default\">\n\t\t\t\t<div class=\"elementor-widget-container\">\n\t\t\t\t\t<h2 class=\"elementor-heading-title elementor-size-default\">Precios por hora<\/h2>\t\t\t\t<\/div>\n\t\t\t\t<\/div>\n\t\t\t\t\t<\/div>\n\t\t<\/div>\n\t\t\t\t<div class=\"elementor-column elementor-col-50 elementor-top-column elementor-element elementor-element-33297960\" data-id=\"33297960\" data-element_type=\"column\">\n\t\t\t<div class=\"elementor-widget-wrap elementor-element-populated\">\n\t\t\t\t\t\t<div class=\"elementor-element elementor-element-218d1d2 elementor-widget elementor-widget-text-editor\" data-id=\"218d1d2\" data-element_type=\"widget\" data-widget_type=\"text-editor.default\">\n\t\t\t\t<div class=\"elementor-widget-container\">\n\t\t\t\t\t\t\t\t\t<p>El segundo sistema de tarifas es la suma global. Consiste en una cantidad fijada por adelantado para un servicio determinado. Este sistema se utiliza principalmente para servicios legales est\u00e1ndar o para \u00e1reas espec\u00edficas del derecho, como declaraciones de impuestos o contratos.<\/p><p>Ventaja: el cliente conoce desde el primer momento el importe total de los servicios jur\u00eddicos.<\/p><p>Desventaja: el cliente paga una suma fija incluso si los servicios requeridos son menos o m\u00e1s simples de lo esperado.<\/p><p>En conclusi\u00f3n, nuestra Firma se propone ofrecer transparencia y claridad en la pol\u00edtica de honorarios por sus servicios legales, y trabajar de cerca con el cliente para elegir el sistema m\u00e1s adecuado de acuerdo a sus necesidades y la complejidad de su caso.<\/p>\t\t\t\t\t\t\t\t<\/div>\n\t\t\t\t<\/div>\n\t\t\t\t\t<\/div>\n\t\t<\/div>\n\t\t\t\t\t<\/div>\n\t\t<\/section>\n\t\t\t\t<section class=\"elementor-section elementor-top-section elementor-element elementor-element-2dbcb5d elementor-section-boxed elementor-section-height-default elementor-section-height-default\" data-id=\"2dbcb5d\" data-element_type=\"section\">\n\t\t\t\t\t\t<div class=\"elementor-container elementor-column-gap-default\">\n\t\t\t\t\t<div class=\"elementor-column elementor-col-50 elementor-top-column elementor-element elementor-element-feae03d\" data-id=\"feae03d\" data-element_type=\"column\">\n\t\t\t<div class=\"elementor-widget-wrap elementor-element-populated\">\n\t\t\t\t\t\t<div class=\"elementor-element elementor-element-cf58423 elementor-widget elementor-widget-heading\" data-id=\"cf58423\" data-element_type=\"widget\" data-widget_type=\"heading.default\">\n\t\t\t\t<div class=\"elementor-widget-container\">\n\t\t\t\t\t<h2 class=\"elementor-heading-title elementor-size-default\">La tarifa plana por expediente<\/h2>\t\t\t\t<\/div>\n\t\t\t\t<\/div>\n\t\t\t\t\t<\/div>\n\t\t<\/div>\n\t\t\t\t<div class=\"elementor-column elementor-col-50 elementor-top-column elementor-element elementor-element-6c8394b\" data-id=\"6c8394b\" data-element_type=\"column\">\n\t\t\t<div class=\"elementor-widget-wrap elementor-element-populated\">\n\t\t\t\t\t\t<div class=\"elementor-element elementor-element-ce7db8d elementor-widget elementor-widget-text-editor\" data-id=\"ce7db8d\" data-element_type=\"widget\" data-widget_type=\"text-editor.default\">\n\t\t\t\t<div class=\"elementor-widget-container\">\n\t\t\t\t\t\t\t\t\t<p>El Forfait se propone para expedientes en los que se pueda tasar, ya sea por tratarse de una gesti\u00f3n corriente o tasable (contabilidad, gesti\u00f3n administrativa espec\u00edfica, creaci\u00f3n de empresa, compraventa de inmuebles, gesti\u00f3n habitual de empresas de cualquier tipo, gesti\u00f3n, etc.), o porque se haya celebrado un acuerdo entre el profesional y el cliente (como un porcentaje pactado sobre la gesti\u00f3n o defensa de un caso). Por lo tanto, el paquete es tan frecuente como sea posible.<\/p><p>Ventajas: El cliente conoce el importe de los costes del cargo profesional nada m\u00e1s abrir el expediente, lo que da seguridad en cuanto al precio del minuto profesional.<\/p><p>Inconvenientes: Muchas veces el cliente se ve abocado a pagar al final costes m\u00e1s elevados que si la elecci\u00f3n de los honorarios se hubiera concluido por tarificaci\u00f3n horaria, ya que el profesional ha valorado para establecer el precio fijo, el tiempo aproximado del cobro as\u00ed como ciertas complicaciones que el archivo podr\u00eda cumplir.<\/p>\t\t\t\t\t\t\t\t<\/div>\n\t\t\t\t<\/div>\n\t\t\t\t\t<\/div>\n\t\t<\/div>\n\t\t\t\t\t<\/div>\n\t\t<\/section>\n\t\t\t\t<section class=\"elementor-section elementor-top-section elementor-element elementor-element-a228e2d elementor-section-boxed elementor-section-height-default elementor-section-height-default\" data-id=\"a228e2d\" data-element_type=\"section\">\n\t\t\t\t\t\t<div class=\"elementor-container elementor-column-gap-default\">\n\t\t\t\t\t<div class=\"elementor-column elementor-col-50 elementor-top-column elementor-element elementor-element-1ce2557\" data-id=\"1ce2557\" data-element_type=\"column\">\n\t\t\t<div class=\"elementor-widget-wrap elementor-element-populated\">\n\t\t\t\t\t\t<div class=\"elementor-element elementor-element-b5bf481 elementor-widget elementor-widget-heading\" data-id=\"b5bf481\" data-element_type=\"widget\" data-widget_type=\"heading.default\">\n\t\t\t\t<div class=\"elementor-widget-container\">\n\t\t\t\t\t<h2 class=\"elementor-heading-title elementor-size-default\">Provisiones del Fondo<\/h2>\t\t\t\t<\/div>\n\t\t\t\t<\/div>\n\t\t\t\t\t<\/div>\n\t\t<\/div>\n\t\t\t\t<div class=\"elementor-column elementor-col-50 elementor-top-column elementor-element elementor-element-4c186fc\" data-id=\"4c186fc\" data-element_type=\"column\">\n\t\t\t<div class=\"elementor-widget-wrap elementor-element-populated\">\n\t\t\t\t\t\t<div class=\"elementor-element elementor-element-68e5d72 elementor-widget elementor-widget-text-editor\" data-id=\"68e5d72\" data-element_type=\"widget\" data-widget_type=\"text-editor.default\">\n\t\t\t\t<div class=\"elementor-widget-container\">\n\t\t\t\t\t\t\t\t\t<p>Las provisiones de fondos son una reserva de fondos solicitada por el abogado para cubrir los costos asociados con el caso en cuesti\u00f3n. Esto asegura el pago efectivo de las tarifas y cargos relacionados y tambi\u00e9n permite que el cliente no tenga que pagar una gran suma en un giro. Sin embargo, debe tenerse en cuenta que la provisi\u00f3n de fondos no es un pago de honorarios, sino un anticipo del precio acordado, ya sea por tarifa horaria o tarifa plana.<\/p><p>Otros costes a tener en cuenta a la hora de gestionar un expediente.<\/p><p>Adem\u00e1s de los honorarios del profesional, tambi\u00e9n existen otros costes a tener en cuenta para la gesti\u00f3n de un expediente. Entre ellos se incluyen los costes relacionados con la gesti\u00f3n de secretar\u00eda, papeler\u00eda, correspondencia, desplazamientos ordinarios, llamadas telef\u00f3nicas nacionales e internacionales, servicios de informaci\u00f3n administrativa en l\u00ednea, etc. Dependiendo del tipo de archivo, estos costos pueden calcularse como un porcentaje o de acuerdo con los costos reales incurridos. El costo de los honorarios legales tambi\u00e9n debe tenerse en cuenta.<\/p>\t\t\t\t\t\t\t\t<\/div>\n\t\t\t\t<\/div>\n\t\t\t\t\t<\/div>\n\t\t<\/div>\n\t\t\t\t\t<\/div>\n\t\t<\/section>\n\t\t\t\t<section class=\"elementor-section elementor-top-section elementor-element elementor-element-5764177 elementor-section-boxed elementor-section-height-default elementor-section-height-default\" data-id=\"5764177\" data-element_type=\"section\">\n\t\t\t\t\t\t<div class=\"elementor-container elementor-column-gap-default\">\n\t\t\t\t\t<div class=\"elementor-column elementor-col-50 elementor-top-column elementor-element elementor-element-fbb0625\" data-id=\"fbb0625\" data-element_type=\"column\">\n\t\t\t<div class=\"elementor-widget-wrap elementor-element-populated\">\n\t\t\t\t\t\t<div class=\"elementor-element elementor-element-3c49992 elementor-widget elementor-widget-heading\" data-id=\"3c49992\" data-element_type=\"widget\" data-widget_type=\"heading.default\">\n\t\t\t\t<div class=\"elementor-widget-container\">\n\t\t\t\t\t<h2 class=\"elementor-heading-title elementor-size-default\">Desembolsos<\/h2>\t\t\t\t<\/div>\n\t\t\t\t<\/div>\n\t\t\t\t\t<\/div>\n\t\t<\/div>\n\t\t\t\t<div class=\"elementor-column elementor-col-50 elementor-top-column elementor-element elementor-element-b40cb4e\" data-id=\"b40cb4e\" data-element_type=\"column\">\n\t\t\t<div class=\"elementor-widget-wrap elementor-element-populated\">\n\t\t\t\t\t\t<div class=\"elementor-element elementor-element-104e5b3 elementor-widget elementor-widget-text-editor\" data-id=\"104e5b3\" data-element_type=\"widget\" data-widget_type=\"text-editor.default\">\n\t\t\t\t<div class=\"elementor-widget-container\">\n\t\t\t\t\t\t\t\t\t<p>El pago de honorarios y gastos de profesionales externos, tales como notarios, alguaciles, abogados, traductores e int\u00e9rpretes, colaboradores externos, peritos judiciales, etc., puede ser gestionado por GLOBAL DEFENSE, previo pago de fondos por parte del cliente.<\/p><p>ADVERTENCIA :<br \/>Esta pol\u00edtica de precios es puramente indicativa y de ninguna manera vincula a GLOBAL DEFENSE oa sus empleados a una obligaci\u00f3n contractual. De hecho, solo el contrato de servicio espec\u00edfico dar\u00e1 lugar a obligaciones legales entre las partes interesadas.<\/p>\t\t\t\t\t\t\t\t<\/div>\n\t\t\t\t<\/div>\n\t\t\t\t\t<\/div>\n\t\t<\/div>\n\t\t\t\t\t<\/div>\n\t\t<\/section>\n\t\t\t\t<\/div>\n\t\t","protected":false},"excerpt":{"rendered":"<p>Pol\u00edtica de tarifas Honorarios de abogados Los honorarios de un abogado pueden parecer misteriosos para los no iniciados. Nuestra firma se esfuerza por ser transparente y explica aqu\u00ed su pol\u00edtica de honorarios profesionales. En consecuencia, los honorarios se ofrecen al cliente junto con un sistema b\u00e1sico de pago de los mismos, junto con los costes&hellip; <a class=\"more-link\" href=\"https:\/\/cabinetglobaldefense.com\/es\/abogado-honorario-en-espana\/\">Seguir leyendo <span class=\"screen-reader-text\">Honorarios<\/span><\/a><\/p>\n","protected":false},"author":1,"featured_media":0,"parent":0,"menu_order":0,"comment_status":"closed","ping_status":"closed","template":"elementor_header_footer","meta":{"footnotes":""},"class_list":["post-1047","page","type-page","status-publish","hentry","entry"],"yoast_head":"<!-- This site is optimized with the Yoast SEO plugin v26.2 - https:\/\/yoast.com\/wordpress\/plugins\/seo\/ -->\n<title>Honorarios - Cabinet Global Defense<\/title>\n<meta name=\"description\" content=\"Nos avocats en fran\u00e7ais vous offrent une consultation gratuite pourdiscuter de nos honoraires et vous proposer un devis personnalis\u00e9.\" \/>\n<meta name=\"robots\" content=\"index, follow, max-snippet:-1, max-image-preview:large, max-video-preview:-1\" \/>\n<link rel=\"canonical\" href=\"https:\/\/cabinetglobaldefense.com\/es\/abogado-honorario-en-espana\/\" \/>\n<meta property=\"og:locale\" content=\"es_ES\" \/>\n<meta property=\"og:type\" content=\"article\" \/>\n<meta property=\"og:title\" content=\"Honorarios - Cabinet Global Defense\" \/>\n<meta property=\"og:description\" content=\"Nos avocats en fran\u00e7ais vous offrent une consultation gratuite pourdiscuter de nos honoraires et vous proposer un devis personnalis\u00e9.\" \/>\n<meta property=\"og:url\" content=\"https:\/\/cabinetglobaldefense.com\/es\/abogado-honorario-en-espana\/\" \/>\n<meta property=\"og:site_name\" content=\"Cabinet Global Defense\" \/>\n<meta property=\"article:modified_time\" content=\"2025-06-09T08:46:58+00:00\" \/>\n<meta name=\"twitter:card\" content=\"summary_large_image\" \/>\n<meta name=\"twitter:label1\" content=\"Tiempo de lectura\" \/>\n\t<meta name=\"twitter:data1\" content=\"3 minutos\" \/>\n<script type=\"application\/ld+json\" class=\"yoast-schema-graph\">{\"@context\":\"https:\/\/schema.org\",\"@graph\":[{\"@type\":\"WebPage\",\"@id\":\"https:\/\/cabinetglobaldefense.com\/es\/abogado-honorario-en-espana\/\",\"url\":\"https:\/\/cabinetglobaldefense.com\/es\/abogado-honorario-en-espana\/\",\"name\":\"Honorarios - Cabinet Global Defense\",\"isPartOf\":{\"@id\":\"https:\/\/cabinetglobaldefense.com\/#website\"},\"datePublished\":\"2023-02-08T09:50:12+00:00\",\"dateModified\":\"2025-06-09T08:46:58+00:00\",\"description\":\"Nos avocats en fran\u00e7ais vous offrent une consultation gratuite pourdiscuter de nos honoraires et vous proposer un devis personnalis\u00e9.\",\"breadcrumb\":{\"@id\":\"https:\/\/cabinetglobaldefense.com\/es\/abogado-honorario-en-espana\/#breadcrumb\"},\"inLanguage\":\"es\",\"potentialAction\":[{\"@type\":\"ReadAction\",\"target\":[\"https:\/\/cabinetglobaldefense.com\/es\/abogado-honorario-en-espana\/\"]}]},{\"@type\":\"BreadcrumbList\",\"@id\":\"https:\/\/cabinetglobaldefense.com\/es\/abogado-honorario-en-espana\/#breadcrumb\",\"itemListElement\":[{\"@type\":\"ListItem\",\"position\":1,\"name\":\"Portada\",\"item\":\"https:\/\/cabinetglobaldefense.com\/es\/\"},{\"@type\":\"ListItem\",\"position\":2,\"name\":\"Honorarios\"}]},{\"@type\":\"WebSite\",\"@id\":\"https:\/\/cabinetglobaldefense.com\/#website\",\"url\":\"https:\/\/cabinetglobaldefense.com\/\",\"name\":\"Cabinet Global Defense\",\"description\":\"LAWYERS WITH A GLOBAL REPUTATION\",\"publisher\":{\"@id\":\"https:\/\/cabinetglobaldefense.com\/#organization\"},\"potentialAction\":[{\"@type\":\"SearchAction\",\"target\":{\"@type\":\"EntryPoint\",\"urlTemplate\":\"https:\/\/cabinetglobaldefense.com\/?s={search_term_string}\"},\"query-input\":{\"@type\":\"PropertyValueSpecification\",\"valueRequired\":true,\"valueName\":\"search_term_string\"}}],\"inLanguage\":\"es\"},{\"@type\":\"Organization\",\"@id\":\"https:\/\/cabinetglobaldefense.com\/#organization\",\"name\":\"Cabinet Global Defense\",\"alternateName\":\"Avocat francophone Barcelone\",\"url\":\"https:\/\/cabinetglobaldefense.com\/\",\"logo\":{\"@type\":\"ImageObject\",\"inLanguage\":\"es\",\"@id\":\"https:\/\/cabinetglobaldefense.com\/#\/schema\/logo\/image\/\",\"url\":\"https:\/\/cabinetglobaldefense.com\/wp-content\/uploads\/2023\/02\/cropped-logo-head-300x55-1.png\",\"contentUrl\":\"https:\/\/cabinetglobaldefense.com\/wp-content\/uploads\/2023\/02\/cropped-logo-head-300x55-1.png\",\"width\":300,\"height\":55,\"caption\":\"Cabinet Global Defense\"},\"image\":{\"@id\":\"https:\/\/cabinetglobaldefense.com\/#\/schema\/logo\/image\/\"}}]}<\/script>\n<!-- \/ Yoast SEO plugin. -->","yoast_head_json":{"title":"Honorarios - Cabinet Global Defense","description":"Nos avocats en fran\u00e7ais vous offrent une consultation gratuite pourdiscuter de nos honoraires et vous proposer un devis personnalis\u00e9.","robots":{"index":"index","follow":"follow","max-snippet":"max-snippet:-1","max-image-preview":"max-image-preview:large","max-video-preview":"max-video-preview:-1"},"canonical":"https:\/\/cabinetglobaldefense.com\/es\/abogado-honorario-en-espana\/","og_locale":"es_ES","og_type":"article","og_title":"Honorarios - Cabinet Global Defense","og_description":"Nos avocats en fran\u00e7ais vous offrent une consultation gratuite pourdiscuter de nos honoraires et vous proposer un devis personnalis\u00e9.","og_url":"https:\/\/cabinetglobaldefense.com\/es\/abogado-honorario-en-espana\/","og_site_name":"Cabinet Global Defense","article_modified_time":"2025-06-09T08:46:58+00:00","twitter_card":"summary_large_image","twitter_misc":{"Tiempo de lectura":"3 minutos"},"schema":{"@context":"https:\/\/schema.org","@graph":[{"@type":"WebPage","@id":"https:\/\/cabinetglobaldefense.com\/es\/abogado-honorario-en-espana\/","url":"https:\/\/cabinetglobaldefense.com\/es\/abogado-honorario-en-espana\/","name":"Honorarios - Cabinet Global Defense","isPartOf":{"@id":"https:\/\/cabinetglobaldefense.com\/#website"},"datePublished":"2023-02-08T09:50:12+00:00","dateModified":"2025-06-09T08:46:58+00:00","description":"Nos avocats en fran\u00e7ais vous offrent une consultation gratuite pourdiscuter de nos honoraires et vous proposer un devis personnalis\u00e9.","breadcrumb":{"@id":"https:\/\/cabinetglobaldefense.com\/es\/abogado-honorario-en-espana\/#breadcrumb"},"inLanguage":"es","potentialAction":[{"@type":"ReadAction","target":["https:\/\/cabinetglobaldefense.com\/es\/abogado-honorario-en-espana\/"]}]},{"@type":"BreadcrumbList","@id":"https:\/\/cabinetglobaldefense.com\/es\/abogado-honorario-en-espana\/#breadcrumb","itemListElement":[{"@type":"ListItem","position":1,"name":"Portada","item":"https:\/\/cabinetglobaldefense.com\/es\/"},{"@type":"ListItem","position":2,"name":"Honorarios"}]},{"@type":"WebSite","@id":"https:\/\/cabinetglobaldefense.com\/#website","url":"https:\/\/cabinetglobaldefense.com\/","name":"Cabinet Global Defense","description":"LAWYERS WITH A GLOBAL REPUTATION","publisher":{"@id":"https:\/\/cabinetglobaldefense.com\/#organization"},"potentialAction":[{"@type":"SearchAction","target":{"@type":"EntryPoint","urlTemplate":"https:\/\/cabinetglobaldefense.com\/?s={search_term_string}"},"query-input":{"@type":"PropertyValueSpecification","valueRequired":true,"valueName":"search_term_string"}}],"inLanguage":"es"},{"@type":"Organization","@id":"https:\/\/cabinetglobaldefense.com\/#organization","name":"Cabinet Global Defense","alternateName":"Avocat francophone Barcelone","url":"https:\/\/cabinetglobaldefense.com\/","logo":{"@type":"ImageObject","inLanguage":"es","@id":"https:\/\/cabinetglobaldefense.com\/#\/schema\/logo\/image\/","url":"https:\/\/cabinetglobaldefense.com\/wp-content\/uploads\/2023\/02\/cropped-logo-head-300x55-1.png","contentUrl":"https:\/\/cabinetglobaldefense.com\/wp-content\/uploads\/2023\/02\/cropped-logo-head-300x55-1.png","width":300,"height":55,"caption":"Cabinet Global Defense"},"image":{"@id":"https:\/\/cabinetglobaldefense.com\/#\/schema\/logo\/image\/"}}]}},"_links":{"self":[{"href":"https:\/\/cabinetglobaldefense.com\/es\/wp-json\/wp\/v2\/pages\/1047","targetHints":{"allow":["GET"]}}],"collection":[{"href":"https:\/\/cabinetglobaldefense.com\/es\/wp-json\/wp\/v2\/pages"}],"about":[{"href":"https:\/\/cabinetglobaldefense.com\/es\/wp-json\/wp\/v2\/types\/page"}],"author":[{"embeddable":true,"href":"https:\/\/cabinetglobaldefense.com\/es\/wp-json\/wp\/v2\/users\/1"}],"replies":[{"embeddable":true,"href":"https:\/\/cabinetglobaldefense.com\/es\/wp-json\/wp\/v2\/comments?post=1047"}],"version-history":[{"count":8,"href":"https:\/\/cabinetglobaldefense.com\/es\/wp-json\/wp\/v2\/pages\/1047\/revisions"}],"predecessor-version":[{"id":1849,"href":"https:\/\/cabinetglobaldefense.com\/es\/wp-json\/wp\/v2\/pages\/1047\/revisions\/1849"}],"wp:attachment":[{"href":"https:\/\/cabinetglobaldefense.com\/es\/wp-json\/wp\/v2\/media?parent=1047"}],"curies":[{"name":"wp","href":"https:\/\/api.w.org\/{rel}","templated":true}]}}