{"id":1049,"date":"2023-03-10T07:45:53","date_gmt":"2023-03-10T07:45:53","guid":{"rendered":"https:\/\/cabinetglobaldefense.com\/declaration-daccessibilite\/"},"modified":"2025-06-09T08:57:41","modified_gmt":"2025-06-09T08:57:41","slug":"declaracion-de-accesibilidad","status":"publish","type":"page","link":"https:\/\/cabinetglobaldefense.com\/es\/declaracion-de-accesibilidad\/","title":{"rendered":"Declaraci\u00f3n de Accesibilidad"},"content":{"rendered":"\t\t<div data-elementor-type=\"wp-post\" data-elementor-id=\"1049\" class=\"elementor elementor-1049 elementor-955\" data-elementor-post-type=\"page\">\n\t\t\t\t\t\t<section class=\"elementor-section elementor-top-section elementor-element elementor-element-5ed20551 elementor-section-height-min-height elementor-section-boxed elementor-section-height-default elementor-section-items-middle\" data-id=\"5ed20551\" data-element_type=\"section\" data-settings=\"{&quot;background_background&quot;:&quot;classic&quot;}\">\n\t\t\t\t\t\t<div class=\"elementor-container elementor-column-gap-default\">\n\t\t\t\t\t<div class=\"elementor-column elementor-col-100 elementor-top-column elementor-element elementor-element-5cda4747\" data-id=\"5cda4747\" data-element_type=\"column\">\n\t\t\t<div class=\"elementor-widget-wrap elementor-element-populated\">\n\t\t\t\t\t\t<div class=\"elementor-element elementor-element-4c675bcc elementor-widget elementor-widget-heading\" data-id=\"4c675bcc\" data-element_type=\"widget\" data-widget_type=\"heading.default\">\n\t\t\t\t<div class=\"elementor-widget-container\">\n\t\t\t\t\t<h1 class=\"elementor-heading-title elementor-size-default\">Declaraci\u00f3n de Accesibilidad<\/h1>\t\t\t\t<\/div>\n\t\t\t\t<\/div>\n\t\t\t\t\t<\/div>\n\t\t<\/div>\n\t\t\t\t\t<\/div>\n\t\t<\/section>\n\t\t\t\t<section class=\"elementor-section elementor-top-section elementor-element elementor-element-724f889c elementor-section-boxed elementor-section-height-default elementor-section-height-default\" data-id=\"724f889c\" data-element_type=\"section\">\n\t\t\t\t\t\t<div class=\"elementor-container elementor-column-gap-default\">\n\t\t\t\t\t<div class=\"elementor-column elementor-col-100 elementor-top-column elementor-element elementor-element-33297960\" data-id=\"33297960\" data-element_type=\"column\">\n\t\t\t<div class=\"elementor-widget-wrap elementor-element-populated\">\n\t\t\t\t\t\t<div class=\"elementor-element elementor-element-218d1d2 elementor-widget elementor-widget-text-editor\" data-id=\"218d1d2\" data-element_type=\"widget\" data-widget_type=\"text-editor.default\">\n\t\t\t\t<div class=\"elementor-widget-container\">\n\t\t\t\t\t\t\t\t\t<p>En este portal encontrar\u00e1 informaci\u00f3n sobre las pautas de accesibilidad aplicadas al contenido del sitio https:\/\/cabinetglobaldefense.com\/ con el objetivo de que las personas con discapacidad o mayores puedan acceder al mismo, de acuerdo con lo establecido por la Ley de Servicios de la Sociedad de la Informaci\u00f3n y Comercio Electr\u00f3nico para sitios web. Cabinet Global Defense se adhiere a estas pautas para garantizar la accesibilidad para todos los usuarios.<\/p>\t\t\t\t\t\t\t\t<\/div>\n\t\t\t\t<\/div>\n\t\t\t\t\t<\/div>\n\t\t<\/div>\n\t\t\t\t\t<\/div>\n\t\t<\/section>\n\t\t\t\t<section class=\"elementor-section elementor-top-section elementor-element elementor-element-9abda14 elementor-section-boxed elementor-section-height-default elementor-section-height-default\" data-id=\"9abda14\" data-element_type=\"section\">\n\t\t\t\t\t\t<div class=\"elementor-container elementor-column-gap-no\">\n\t\t\t\t\t<div class=\"elementor-column elementor-col-50 elementor-top-column elementor-element elementor-element-f7eeef7\" data-id=\"f7eeef7\" data-element_type=\"column\">\n\t\t\t<div class=\"elementor-widget-wrap elementor-element-populated\">\n\t\t\t\t\t\t<div class=\"elementor-element elementor-element-7dd3a22 elementor-widget elementor-widget-heading\" data-id=\"7dd3a22\" data-element_type=\"widget\" data-widget_type=\"heading.default\">\n\t\t\t\t<div class=\"elementor-widget-container\">\n\t\t\t\t\t<h2 class=\"elementor-heading-title elementor-size-default\">Declaraci\u00f3n de Accesibilidad\u200b<\/h2>\t\t\t\t<\/div>\n\t\t\t\t<\/div>\n\t\t\t\t\t<\/div>\n\t\t<\/div>\n\t\t\t\t<div class=\"elementor-column elementor-col-50 elementor-top-column elementor-element elementor-element-2b09bf4\" data-id=\"2b09bf4\" data-element_type=\"column\">\n\t\t\t<div class=\"elementor-widget-wrap elementor-element-populated\">\n\t\t\t\t\t\t<div class=\"elementor-element elementor-element-fe746d5 elementor-widget elementor-widget-text-editor\" data-id=\"fe746d5\" data-element_type=\"widget\" data-widget_type=\"text-editor.default\">\n\t\t\t\t<div class=\"elementor-widget-container\">\n\t\t\t\t\t\t\t\t\t<p>Gabinete Global Defense se compromete al cumplimiento del Real Decreto 1112\/2018, de 7 de septiembre, sobre accesibilidad de los sitios web y aplicaciones para dispositivos m\u00f3viles, por el que se transpone la Directiva (UE) 2016\/2102 del Parlamento Europeo y del Consejo, de 26 de octubre de 2016 Con este compromiso, Cabinet Global Defense busca garantizar el acceso universal a la informaci\u00f3n presente en su sitio web, ofreciendo herramientas no exclusivas y ofreciendo una experiencia de usuario lo m\u00e1s accesible posible.<\/p><p>El contenido publicado en el sitio web de Cabinet Global Defense debe verse y utilizarse independientemente de las circunstancias personales de los usuarios, como discapacidades, diversidad funcional o edad avanzada, o limitaciones relacionadas con el entorno o el contexto de uso, como el dispositivo utilizado, la velocidad de conexi\u00f3n o condiciones ambientales. El dise\u00f1o de la interfaz debe adaptarse a las personas y no al rev\u00e9s, permitiendo una navegaci\u00f3n f\u00e1cil y accesible para todos.<\/p><p>Adem\u00e1s, los contenidos deben presentarse de manera \u00f3ptima en m\u00faltiples dispositivos y cualquier otro tipo de herramienta de asistencia. Esto es para garantizar una experiencia de usuario satisfactoria para todos los visitantes del sitio web, independientemente de sus habilidades o limitaciones.<\/p><p>Esta declaraci\u00f3n de accesibilidad se aplica al sitio web https:\/\/cabinetglobaldefense.com\/ y se espera que la empresa contin\u00fae trabajando para mejorar la accesibilidad de su sitio web en el futuro.<\/p>\t\t\t\t\t\t\t\t<\/div>\n\t\t\t\t<\/div>\n\t\t\t\t\t<\/div>\n\t\t<\/div>\n\t\t\t\t\t<\/div>\n\t\t<\/section>\n\t\t\t\t<section class=\"elementor-section elementor-top-section elementor-element elementor-element-c7dc1ec elementor-section-boxed elementor-section-height-default elementor-section-height-default\" data-id=\"c7dc1ec\" data-element_type=\"section\">\n\t\t\t\t\t\t<div class=\"elementor-container elementor-column-gap-default\">\n\t\t\t\t\t<div class=\"elementor-column elementor-col-50 elementor-top-column elementor-element elementor-element-2bc0c0a\" data-id=\"2bc0c0a\" data-element_type=\"column\">\n\t\t\t<div class=\"elementor-widget-wrap elementor-element-populated\">\n\t\t\t\t\t\t<div class=\"elementor-element elementor-element-63fcf91 elementor-widget elementor-widget-heading\" data-id=\"63fcf91\" data-element_type=\"widget\" data-widget_type=\"heading.default\">\n\t\t\t\t<div class=\"elementor-widget-container\">\n\t\t\t\t\t<h2 class=\"elementor-heading-title elementor-size-default\">Estado de cumplimiento<\/h2>\t\t\t\t<\/div>\n\t\t\t\t<\/div>\n\t\t\t\t\t<\/div>\n\t\t<\/div>\n\t\t\t\t<div class=\"elementor-column elementor-col-50 elementor-top-column elementor-element elementor-element-7ed6ea6\" data-id=\"7ed6ea6\" data-element_type=\"column\">\n\t\t\t<div class=\"elementor-widget-wrap elementor-element-populated\">\n\t\t\t\t\t\t<div class=\"elementor-element elementor-element-074cd83 elementor-widget elementor-widget-text-editor\" data-id=\"074cd83\" data-element_type=\"widget\" data-widget_type=\"text-editor.default\">\n\t\t\t\t<div class=\"elementor-widget-container\">\n\t\t\t\t\t\t\t\t\t<p>Con objeto de garantizar la accesibilidad del sitio, se ha llevado a cabo un proceso de autoevaluaci\u00f3n del sitio web para determinar su cumplimiento del Real Decreto 1112\/2018, de 7 de septiembre, sobre accesibilidad de los sitios web y aplicaciones para dispositivos m\u00f3viles. Como resultado de este an\u00e1lisis, se ha determinado que el sitio web presenta ciertos incumplimientos con dicho decreto.<\/p><p>En concreto, se han identificado aspectos que no cumplen con las especificaciones establecidas en el Real Decreto 1112\/2018 y que afectan a la accesibilidad del sitio web. A pesar de ello, se ha determinado que el sitio web cumple parcialmente con el Real Decreto 1112\/2018, ya que presenta determinados aspectos que cumplen con las especificaciones establecidas.<\/p><p>Es importante mencionar que, aunque estas no conformidades han sido identificadas, Gabinete Global Defense se compromete a mejorar la accesibilidad del sitio web y trabajar para cumplir \u00edntegramente con el Real Decreto 1112\/2018. Se espera que con la implementaci\u00f3n de las medidas necesarias se logre en un futuro pr\u00f3ximo el pleno cumplimiento de dicho decreto.<\/p>\t\t\t\t\t\t\t\t<\/div>\n\t\t\t\t<\/div>\n\t\t\t\t\t<\/div>\n\t\t<\/div>\n\t\t\t\t\t<\/div>\n\t\t<\/section>\n\t\t\t\t<section class=\"elementor-section elementor-top-section elementor-element elementor-element-2dbcb5d elementor-section-boxed elementor-section-height-default elementor-section-height-default\" data-id=\"2dbcb5d\" data-element_type=\"section\">\n\t\t\t\t\t\t<div class=\"elementor-container elementor-column-gap-default\">\n\t\t\t\t\t<div class=\"elementor-column elementor-col-50 elementor-top-column elementor-element elementor-element-feae03d\" data-id=\"feae03d\" data-element_type=\"column\">\n\t\t\t<div class=\"elementor-widget-wrap elementor-element-populated\">\n\t\t\t\t\t\t<div class=\"elementor-element elementor-element-cf58423 elementor-widget elementor-widget-heading\" data-id=\"cf58423\" data-element_type=\"widget\" data-widget_type=\"heading.default\">\n\t\t\t\t<div class=\"elementor-widget-container\">\n\t\t\t\t\t<h2 class=\"elementor-heading-title elementor-size-default\">Especificaciones t\u00e9cnicas<\/h2>\t\t\t\t<\/div>\n\t\t\t\t<\/div>\n\t\t\t\t\t<\/div>\n\t\t<\/div>\n\t\t\t\t<div class=\"elementor-column elementor-col-50 elementor-top-column elementor-element elementor-element-6c8394b\" data-id=\"6c8394b\" data-element_type=\"column\">\n\t\t\t<div class=\"elementor-widget-wrap elementor-element-populated\">\n\t\t\t\t\t\t<div class=\"elementor-element elementor-element-ce7db8d elementor-widget elementor-widget-text-editor\" data-id=\"ce7db8d\" data-element_type=\"widget\" data-widget_type=\"text-editor.default\">\n\t\t\t\t<div class=\"elementor-widget-container\">\n\t\t\t\t\t\t\t\t\t<p>Con el fin de garantizar la accesibilidad del sitio web, se han puesto en marcha diversas medidas para mejorar la experiencia de navegaci\u00f3n de las personas con discapacidad. Algunas de estas medidas incluyen:<\/p><ul><li>Uso de un lenguaje sencillo y coherente para estructurar los contenidos, con el fin de hacerlos f\u00e1cilmente comprensibles para todas las personas.<\/li><li>Creaci\u00f3n de documentos est\u00e1ndar utilizando c\u00f3digo (X)HTML, con el objetivo de brindar informaci\u00f3n contextual sobre el contenido y permitir al usuario diferenciar entre encabezados, secciones, p\u00e1rrafos, listas, entre otros elementos.<\/li><li>Uso de hojas de estilo en cascada (CSS) para posicionar el contenido, marcar correctamente y separar la estructura y presentaci\u00f3n del contenido, asegurando as\u00ed la compatibilidad con diferentes navegadores y dispositivos, y permitiendo el uso de ayudas de navegaci\u00f3n como lectores de pantalla para personas con discapacidades visuales.<\/li><li>Usar un tama\u00f1o de fuente legible y garantizar un contraste suficiente entre el texto y los colores de fondo, lo que permite cambiar el tama\u00f1o de fuente y los tonos de color utilizando las herramientas de cada navegador.<br \/>Inclusi\u00f3n de descripciones alternativas para im\u00e1genes, excepto para im\u00e1genes decorativas, en un esfuerzo por brindar una alternativa para las personas que no tienen acceso a contenido gr\u00e1fico.<\/li><li>Uso de alternativas funcionales para usuarios que tengan deshabilitado Javascript, evitando ocultar informaci\u00f3n o bloquear el acceso a personas que utilicen navegadores que no soporten estas tecnolog\u00edas.<\/li><li>Evite el uso de pop-ups, motion graphics y flashes, y proporcione funcionalidad para detener el movimiento si su uso es imprescindible.<\/li><li>Evite el uso de color para transmitir significado al contenido y use tonos de color previamente validados en algoritmos de contraste de color de fondo de texto para WCAG2.<\/li><li>Inclusi\u00f3n de enlaces con T\u00edtulo, que ofrecen direcciones URL de destino de hiperv\u00ednculos, con el objetivo de garantizar una navegaci\u00f3n f\u00e1cil y proporcionar informaci\u00f3n precisa a los usuarios.<\/li><li>Uso de atributos en formularios que faciliten la accesibilidad para personas con discapacidad.<\/li><li>Uso de un sistema de gesti\u00f3n de contenidos (Drupal) que ayuda a mantener la accesibilidad de los contenidos en el tiempo. Esto ayuda a garantizar que el sitio web contin\u00fae adhiri\u00e9ndose a las mejores pr\u00e1cticas y est\u00e1ndares de accesibilidad en todo momento.<\/li><\/ul><p>En resumen, se han tomado medidas para mejorar la accesibilidad del contenido, estructura y presentaci\u00f3n del sitio web, brindando alternativas para personas con discapacidad, evitando barreras de acceso, asegurando la compatibilidad con diferentes navegadores y dispositivos, y utilizando herramientas de gesti\u00f3n de contenido para mantener la accesibilidad durante m\u00e1s tiempo. tiempo. El Gabinete de Defensa Global ha adoptado estas medidas para garantizar una experiencia de navegaci\u00f3n justa para todos los usuarios.<\/p>\t\t\t\t\t\t\t\t<\/div>\n\t\t\t\t<\/div>\n\t\t\t\t\t<\/div>\n\t\t<\/div>\n\t\t\t\t\t<\/div>\n\t\t<\/section>\n\t\t\t\t<section class=\"elementor-section elementor-top-section elementor-element elementor-element-a228e2d elementor-section-boxed elementor-section-height-default elementor-section-height-default\" data-id=\"a228e2d\" data-element_type=\"section\">\n\t\t\t\t\t\t<div class=\"elementor-container elementor-column-gap-default\">\n\t\t\t\t\t<div class=\"elementor-column elementor-col-50 elementor-top-column elementor-element elementor-element-1ce2557\" data-id=\"1ce2557\" data-element_type=\"column\">\n\t\t\t<div class=\"elementor-widget-wrap elementor-element-populated\">\n\t\t\t\t\t\t<div class=\"elementor-element elementor-element-b5bf481 elementor-widget elementor-widget-heading\" data-id=\"b5bf481\" data-element_type=\"widget\" data-widget_type=\"heading.default\">\n\t\t\t\t<div class=\"elementor-widget-container\">\n\t\t\t\t\t<h2 class=\"elementor-heading-title elementor-size-default\">Lectura de contenido<\/h2>\t\t\t\t<\/div>\n\t\t\t\t<\/div>\n\t\t\t\t\t<\/div>\n\t\t<\/div>\n\t\t\t\t<div class=\"elementor-column elementor-col-50 elementor-top-column elementor-element elementor-element-4c186fc\" data-id=\"4c186fc\" data-element_type=\"column\">\n\t\t\t<div class=\"elementor-widget-wrap elementor-element-populated\">\n\t\t\t\t\t\t<div class=\"elementor-element elementor-element-68e5d72 elementor-widget elementor-widget-text-editor\" data-id=\"68e5d72\" data-element_type=\"widget\" data-widget_type=\"text-editor.default\">\n\t\t\t\t<div class=\"elementor-widget-container\">\n\t\t\t\t\t\t\t\t\t<p>Este portal ofrece una funci\u00f3n de texto a voz que permite a los usuarios escuchar el contenido de la p\u00e1gina web \u00aben voz alta\u00bb desde una variedad de dispositivos, incluidas computadoras, iPhones y tel\u00e9fonos inteligentes (incluidos Blackberry y Android), iPads, reproductores de MP3, PDA, consolas de juegos , televisi\u00f3n interactiva por Internet y cabinas de Internet.<\/p><p>El usuario no necesita descargar o instalar ning\u00fan software adicional para usar esta funci\u00f3n, simplemente haga clic en el bot\u00f3n \u00abescuchar\u00bb para iniciar la reproducci\u00f3n autom\u00e1ticamente. Adem\u00e1s, si el usuario selecciona cualquier parte del texto, aparecer\u00e1 autom\u00e1ticamente un bot\u00f3n de lectura junto al cursor del mouse para acceder r\u00e1pidamente a la funci\u00f3n de lectura del texto seleccionado. Esta funci\u00f3n tambi\u00e9n permite que el texto se resalte oraci\u00f3n por oraci\u00f3n o palabra por palabra durante la lectura. El usuario tambi\u00e9n puede configurar funciones como la velocidad de lectura, los colores de resaltado del texto o el desplazamiento vertical. Este sistema es \u00fatil para aquellas personas que tienen problemas de acceso para comprender el contenido del sitio web, como personas con baja visi\u00f3n, problemas de lectura o dificultades cognitivas, personas con dislexia, extranjeros, etc.<\/p><p>Nota: traduje \u00abMonta\u00f1a Selecci\u00f3n S.A.\u00bb por \u00abCabinet Global Defense\u00bb seg\u00fan lo solicitado, pero no tengo contexto en cuanto a si eso tiene sentido en la oraci\u00f3n o no.<\/p>\t\t\t\t\t\t\t\t<\/div>\n\t\t\t\t<\/div>\n\t\t\t\t\t<\/div>\n\t\t<\/div>\n\t\t\t\t\t<\/div>\n\t\t<\/section>\n\t\t\t\t<\/div>\n\t\t","protected":false},"excerpt":{"rendered":"<p>Declaraci\u00f3n de Accesibilidad En este portal encontrar\u00e1 informaci\u00f3n sobre las pautas de accesibilidad aplicadas al contenido del sitio https:\/\/cabinetglobaldefense.com\/ con el objetivo de que las personas con discapacidad o mayores puedan acceder al mismo, de acuerdo con lo establecido por la Ley de Servicios de la Sociedad de la Informaci\u00f3n y Comercio Electr\u00f3nico para sitios&hellip; <a class=\"more-link\" href=\"https:\/\/cabinetglobaldefense.com\/es\/declaracion-de-accesibilidad\/\">Seguir leyendo <span class=\"screen-reader-text\">Declaraci\u00f3n de Accesibilidad<\/span><\/a><\/p>\n","protected":false},"author":1,"featured_media":0,"parent":0,"menu_order":0,"comment_status":"closed","ping_status":"closed","template":"elementor_header_footer","meta":{"footnotes":""},"class_list":["post-1049","page","type-page","status-publish","hentry","entry"],"yoast_head":"<!-- This site is optimized with the Yoast SEO plugin v26.2 - https:\/\/yoast.com\/wordpress\/plugins\/seo\/ -->\n<title>Declaraci\u00f3n de Accesibilidad - Cabinet Global Defense<\/title>\n<meta name=\"description\" content=\"Nos avocats en fran\u00e7ais vous offrent une consultation gratuite pourdiscuter de nos honoraires et vous proposer un devis personnalis\u00e9.\" \/>\n<meta name=\"robots\" content=\"index, follow, max-snippet:-1, max-image-preview:large, max-video-preview:-1\" \/>\n<link rel=\"canonical\" href=\"https:\/\/cabinetglobaldefense.com\/es\/declaracion-de-accesibilidad\/\" \/>\n<meta property=\"og:locale\" content=\"es_ES\" \/>\n<meta property=\"og:type\" content=\"article\" \/>\n<meta property=\"og:title\" content=\"Declaraci\u00f3n de Accesibilidad - Cabinet Global Defense\" \/>\n<meta property=\"og:description\" content=\"Nos avocats en fran\u00e7ais vous offrent une consultation gratuite pourdiscuter de nos honoraires et vous proposer un devis personnalis\u00e9.\" \/>\n<meta property=\"og:url\" content=\"https:\/\/cabinetglobaldefense.com\/es\/declaracion-de-accesibilidad\/\" \/>\n<meta property=\"og:site_name\" content=\"Cabinet Global Defense\" \/>\n<meta property=\"article:modified_time\" content=\"2025-06-09T08:57:41+00:00\" \/>\n<meta name=\"twitter:card\" content=\"summary_large_image\" \/>\n<meta name=\"twitter:label1\" content=\"Tiempo de lectura\" \/>\n\t<meta name=\"twitter:data1\" content=\"6 minutos\" \/>\n<script type=\"application\/ld+json\" class=\"yoast-schema-graph\">{\"@context\":\"https:\/\/schema.org\",\"@graph\":[{\"@type\":\"WebPage\",\"@id\":\"https:\/\/cabinetglobaldefense.com\/es\/declaracion-de-accesibilidad\/\",\"url\":\"https:\/\/cabinetglobaldefense.com\/es\/declaracion-de-accesibilidad\/\",\"name\":\"Declaraci\u00f3n de Accesibilidad - Cabinet Global Defense\",\"isPartOf\":{\"@id\":\"https:\/\/cabinetglobaldefense.com\/#website\"},\"datePublished\":\"2023-03-10T07:45:53+00:00\",\"dateModified\":\"2025-06-09T08:57:41+00:00\",\"description\":\"Nos avocats en fran\u00e7ais vous offrent une consultation gratuite pourdiscuter de nos honoraires et vous proposer un devis personnalis\u00e9.\",\"breadcrumb\":{\"@id\":\"https:\/\/cabinetglobaldefense.com\/es\/declaracion-de-accesibilidad\/#breadcrumb\"},\"inLanguage\":\"es\",\"potentialAction\":[{\"@type\":\"ReadAction\",\"target\":[\"https:\/\/cabinetglobaldefense.com\/es\/declaracion-de-accesibilidad\/\"]}]},{\"@type\":\"BreadcrumbList\",\"@id\":\"https:\/\/cabinetglobaldefense.com\/es\/declaracion-de-accesibilidad\/#breadcrumb\",\"itemListElement\":[{\"@type\":\"ListItem\",\"position\":1,\"name\":\"Portada\",\"item\":\"https:\/\/cabinetglobaldefense.com\/es\/\"},{\"@type\":\"ListItem\",\"position\":2,\"name\":\"Declaraci\u00f3n de Accesibilidad\"}]},{\"@type\":\"WebSite\",\"@id\":\"https:\/\/cabinetglobaldefense.com\/#website\",\"url\":\"https:\/\/cabinetglobaldefense.com\/\",\"name\":\"Cabinet Global Defense\",\"description\":\"LAWYERS WITH A GLOBAL REPUTATION\",\"publisher\":{\"@id\":\"https:\/\/cabinetglobaldefense.com\/#organization\"},\"potentialAction\":[{\"@type\":\"SearchAction\",\"target\":{\"@type\":\"EntryPoint\",\"urlTemplate\":\"https:\/\/cabinetglobaldefense.com\/?s={search_term_string}\"},\"query-input\":{\"@type\":\"PropertyValueSpecification\",\"valueRequired\":true,\"valueName\":\"search_term_string\"}}],\"inLanguage\":\"es\"},{\"@type\":\"Organization\",\"@id\":\"https:\/\/cabinetglobaldefense.com\/#organization\",\"name\":\"Cabinet Global Defense\",\"alternateName\":\"Avocat francophone Barcelone\",\"url\":\"https:\/\/cabinetglobaldefense.com\/\",\"logo\":{\"@type\":\"ImageObject\",\"inLanguage\":\"es\",\"@id\":\"https:\/\/cabinetglobaldefense.com\/#\/schema\/logo\/image\/\",\"url\":\"https:\/\/cabinetglobaldefense.com\/wp-content\/uploads\/2023\/02\/cropped-logo-head-300x55-1.png\",\"contentUrl\":\"https:\/\/cabinetglobaldefense.com\/wp-content\/uploads\/2023\/02\/cropped-logo-head-300x55-1.png\",\"width\":300,\"height\":55,\"caption\":\"Cabinet Global Defense\"},\"image\":{\"@id\":\"https:\/\/cabinetglobaldefense.com\/#\/schema\/logo\/image\/\"}}]}<\/script>\n<!-- \/ Yoast SEO plugin. -->","yoast_head_json":{"title":"Declaraci\u00f3n de Accesibilidad - Cabinet Global Defense","description":"Nos avocats en fran\u00e7ais vous offrent une consultation gratuite pourdiscuter de nos honoraires et vous proposer un devis personnalis\u00e9.","robots":{"index":"index","follow":"follow","max-snippet":"max-snippet:-1","max-image-preview":"max-image-preview:large","max-video-preview":"max-video-preview:-1"},"canonical":"https:\/\/cabinetglobaldefense.com\/es\/declaracion-de-accesibilidad\/","og_locale":"es_ES","og_type":"article","og_title":"Declaraci\u00f3n de Accesibilidad - Cabinet Global Defense","og_description":"Nos avocats en fran\u00e7ais vous offrent une consultation gratuite pourdiscuter de nos honoraires et vous proposer un devis personnalis\u00e9.","og_url":"https:\/\/cabinetglobaldefense.com\/es\/declaracion-de-accesibilidad\/","og_site_name":"Cabinet Global Defense","article_modified_time":"2025-06-09T08:57:41+00:00","twitter_card":"summary_large_image","twitter_misc":{"Tiempo de lectura":"6 minutos"},"schema":{"@context":"https:\/\/schema.org","@graph":[{"@type":"WebPage","@id":"https:\/\/cabinetglobaldefense.com\/es\/declaracion-de-accesibilidad\/","url":"https:\/\/cabinetglobaldefense.com\/es\/declaracion-de-accesibilidad\/","name":"Declaraci\u00f3n de Accesibilidad - Cabinet Global Defense","isPartOf":{"@id":"https:\/\/cabinetglobaldefense.com\/#website"},"datePublished":"2023-03-10T07:45:53+00:00","dateModified":"2025-06-09T08:57:41+00:00","description":"Nos avocats en fran\u00e7ais vous offrent une consultation gratuite pourdiscuter de nos honoraires et vous proposer un devis personnalis\u00e9.","breadcrumb":{"@id":"https:\/\/cabinetglobaldefense.com\/es\/declaracion-de-accesibilidad\/#breadcrumb"},"inLanguage":"es","potentialAction":[{"@type":"ReadAction","target":["https:\/\/cabinetglobaldefense.com\/es\/declaracion-de-accesibilidad\/"]}]},{"@type":"BreadcrumbList","@id":"https:\/\/cabinetglobaldefense.com\/es\/declaracion-de-accesibilidad\/#breadcrumb","itemListElement":[{"@type":"ListItem","position":1,"name":"Portada","item":"https:\/\/cabinetglobaldefense.com\/es\/"},{"@type":"ListItem","position":2,"name":"Declaraci\u00f3n de Accesibilidad"}]},{"@type":"WebSite","@id":"https:\/\/cabinetglobaldefense.com\/#website","url":"https:\/\/cabinetglobaldefense.com\/","name":"Cabinet Global Defense","description":"LAWYERS WITH A GLOBAL REPUTATION","publisher":{"@id":"https:\/\/cabinetglobaldefense.com\/#organization"},"potentialAction":[{"@type":"SearchAction","target":{"@type":"EntryPoint","urlTemplate":"https:\/\/cabinetglobaldefense.com\/?s={search_term_string}"},"query-input":{"@type":"PropertyValueSpecification","valueRequired":true,"valueName":"search_term_string"}}],"inLanguage":"es"},{"@type":"Organization","@id":"https:\/\/cabinetglobaldefense.com\/#organization","name":"Cabinet Global Defense","alternateName":"Avocat francophone Barcelone","url":"https:\/\/cabinetglobaldefense.com\/","logo":{"@type":"ImageObject","inLanguage":"es","@id":"https:\/\/cabinetglobaldefense.com\/#\/schema\/logo\/image\/","url":"https:\/\/cabinetglobaldefense.com\/wp-content\/uploads\/2023\/02\/cropped-logo-head-300x55-1.png","contentUrl":"https:\/\/cabinetglobaldefense.com\/wp-content\/uploads\/2023\/02\/cropped-logo-head-300x55-1.png","width":300,"height":55,"caption":"Cabinet Global Defense"},"image":{"@id":"https:\/\/cabinetglobaldefense.com\/#\/schema\/logo\/image\/"}}]}},"_links":{"self":[{"href":"https:\/\/cabinetglobaldefense.com\/es\/wp-json\/wp\/v2\/pages\/1049","targetHints":{"allow":["GET"]}}],"collection":[{"href":"https:\/\/cabinetglobaldefense.com\/es\/wp-json\/wp\/v2\/pages"}],"about":[{"href":"https:\/\/cabinetglobaldefense.com\/es\/wp-json\/wp\/v2\/types\/page"}],"author":[{"embeddable":true,"href":"https:\/\/cabinetglobaldefense.com\/es\/wp-json\/wp\/v2\/users\/1"}],"replies":[{"embeddable":true,"href":"https:\/\/cabinetglobaldefense.com\/es\/wp-json\/wp\/v2\/comments?post=1049"}],"version-history":[{"count":7,"href":"https:\/\/cabinetglobaldefense.com\/es\/wp-json\/wp\/v2\/pages\/1049\/revisions"}],"predecessor-version":[{"id":1862,"href":"https:\/\/cabinetglobaldefense.com\/es\/wp-json\/wp\/v2\/pages\/1049\/revisions\/1862"}],"wp:attachment":[{"href":"https:\/\/cabinetglobaldefense.com\/es\/wp-json\/wp\/v2\/media?parent=1049"}],"curies":[{"name":"wp","href":"https:\/\/api.w.org\/{rel}","templated":true}]}}